{"id":4452,"date":"2026-03-07T10:27:43","date_gmt":"2026-03-07T09:27:43","guid":{"rendered":"https:\/\/justweirdo.com\/producto\/normal-is-boring\/"},"modified":"2026-04-02T13:54:32","modified_gmt":"2026-04-02T11:54:32","slug":"normal-is-boring","status":"publish","type":"product","link":"https:\/\/justweirdo.com\/?product=normal-is-boring","title":{"rendered":"Normal is boring"},"content":{"rendered":"<p>Lo normal aburre. La nueva camiseta Normal is Boring, te define como fuera de lo normal.<\/p>\n<p>\u2022 100% algod\u00f3n org\u00e1nico<br \/>\n\u2022 Peso del tejido: 180\u202fg\/m\u00b2<br \/>\n\u2022 El tejido de este producto cuenta con certificaciones por su contenido de algod\u00f3n org\u00e1nico bajo GOTS (Global Organic Textile Standard) y OCS (Organic Content Standard)<br \/>\n\u2022 El tejido de este producto est\u00e1 certificado por el est\u00e1ndar OEKO-TEX 100 y aprobado por PETA como vegano<\/p>\n<p>Las tallas se corresponden a una talla m\u00e1s peque\u00f1a en el mercado estadounidense, por lo que los clientes de Estados Unidos deber\u00e1n pedir una talla m\u00e1s.<\/p>\n","protected":false},"excerpt":{"rendered":"<p>Lo normal aburre. La nueva camiseta Normal is Boring, te define como fuera de lo normal. \u2022 100% algod\u00f3n org\u00e1nico \u2022 Peso del tejido: 180\u202fg\/m\u00b2 \u2022 El tejido de este producto cuenta con certificaciones por su contenido de algod\u00f3n org\u00e1nico bajo GOTS (Global Organic Textile Standard) y OCS (Organic Content Standard) \u2022 El tejido de [&hellip;]<\/p>\n","protected":false},"featured_media":4466,"comment_status":"open","ping_status":"closed","template":"","meta":{"_acf_changed":false,"_joinchat":[]},"product_brand":[],"product_cat":[17,16],"product_tag":[],"class_list":{"0":"post-4452","1":"product","2":"type-product","3":"status-publish","4":"has-post-thumbnail","6":"product_cat-camisetas","7":"product_cat-hombre","9":"first","10":"instock","11":"taxable","12":"shipping-taxable","13":"purchasable","14":"product-type-variable"},"acf":[],"_links":{"self":[{"href":"https:\/\/justweirdo.com\/index.php?rest_route=\/wp\/v2\/product\/4452","targetHints":{"allow":["GET"]}}],"collection":[{"href":"https:\/\/justweirdo.com\/index.php?rest_route=\/wp\/v2\/product"}],"about":[{"href":"https:\/\/justweirdo.com\/index.php?rest_route=\/wp\/v2\/types\/product"}],"replies":[{"embeddable":true,"href":"https:\/\/justweirdo.com\/index.php?rest_route=%2Fwp%2Fv2%2Fcomments&post=4452"}],"version-history":[{"count":2,"href":"https:\/\/justweirdo.com\/index.php?rest_route=\/wp\/v2\/product\/4452\/revisions"}],"predecessor-version":[{"id":4467,"href":"https:\/\/justweirdo.com\/index.php?rest_route=\/wp\/v2\/product\/4452\/revisions\/4467"}],"wp:featuredmedia":[{"embeddable":true,"href":"https:\/\/justweirdo.com\/index.php?rest_route=\/wp\/v2\/media\/4466"}],"wp:attachment":[{"href":"https:\/\/justweirdo.com\/index.php?rest_route=%2Fwp%2Fv2%2Fmedia&parent=4452"}],"wp:term":[{"taxonomy":"product_brand","embeddable":true,"href":"https:\/\/justweirdo.com\/index.php?rest_route=%2Fwp%2Fv2%2Fproduct_brand&post=4452"},{"taxonomy":"product_cat","embeddable":true,"href":"https:\/\/justweirdo.com\/index.php?rest_route=%2Fwp%2Fv2%2Fproduct_cat&post=4452"},{"taxonomy":"product_tag","embeddable":true,"href":"https:\/\/justweirdo.com\/index.php?rest_route=%2Fwp%2Fv2%2Fproduct_tag&post=4452"}],"curies":[{"name":"wp","href":"https:\/\/api.w.org\/{rel}","templated":true}]}}