{"id":4430,"date":"2025-09-28T22:48:33","date_gmt":"2025-09-28T20:48:33","guid":{"rendered":"https:\/\/justweirdo.com\/producto\/gorra-marron\/"},"modified":"2025-09-28T22:48:45","modified_gmt":"2025-09-28T20:48:45","slug":"gorra-marron","status":"publish","type":"product","link":"https:\/\/justweirdo.com\/?product=gorra-marron","title":{"rendered":"Gorra marr\u00f3n"},"content":{"rendered":"<p>La gorra para tu d\u00eda a d\u00eda. <br \/>\nCuenta con corona baja, cierre ajustable y visera curva.<\/p>\n<p>\u2022 100% sarga de algod\u00f3n<br \/>\n\u2022 El tono Green Camo es 35% sarga de algod\u00f3n, 65% poli\u00e9ster<br \/>\n\u2022 Sin estructura, 6 paneles, corona baja<br \/>\n\u2022 Cierre ajustable con hebilla envejecida<\/p>\n","protected":false},"excerpt":{"rendered":"<p>La gorra para tu d\u00eda a d\u00eda. Cuenta con corona baja, cierre ajustable y visera curva. \u2022 100% sarga de algod\u00f3n \u2022 El tono Green Camo es 35% sarga de algod\u00f3n, 65% poli\u00e9ster \u2022 Sin estructura, 6 paneles, corona baja \u2022 Cierre ajustable con hebilla envejecida<\/p>\n","protected":false},"featured_media":4432,"comment_status":"open","ping_status":"closed","template":"","meta":{"_acf_changed":false,"_joinchat":[]},"product_brand":[],"product_cat":[20,29],"product_tag":[],"class_list":{"0":"post-4430","1":"product","2":"type-product","3":"status-publish","4":"has-post-thumbnail","6":"product_cat-accesorios","7":"product_cat-accesorios-mujer","9":"first","10":"instock","11":"taxable","12":"shipping-taxable","13":"purchasable","14":"product-type-simple"},"acf":[],"_links":{"self":[{"href":"https:\/\/justweirdo.com\/index.php?rest_route=\/wp\/v2\/product\/4430","targetHints":{"allow":["GET"]}}],"collection":[{"href":"https:\/\/justweirdo.com\/index.php?rest_route=\/wp\/v2\/product"}],"about":[{"href":"https:\/\/justweirdo.com\/index.php?rest_route=\/wp\/v2\/types\/product"}],"replies":[{"embeddable":true,"href":"https:\/\/justweirdo.com\/index.php?rest_route=%2Fwp%2Fv2%2Fcomments&post=4430"}],"version-history":[{"count":1,"href":"https:\/\/justweirdo.com\/index.php?rest_route=\/wp\/v2\/product\/4430\/revisions"}],"predecessor-version":[{"id":4435,"href":"https:\/\/justweirdo.com\/index.php?rest_route=\/wp\/v2\/product\/4430\/revisions\/4435"}],"wp:featuredmedia":[{"embeddable":true,"href":"https:\/\/justweirdo.com\/index.php?rest_route=\/wp\/v2\/media\/4432"}],"wp:attachment":[{"href":"https:\/\/justweirdo.com\/index.php?rest_route=%2Fwp%2Fv2%2Fmedia&parent=4430"}],"wp:term":[{"taxonomy":"product_brand","embeddable":true,"href":"https:\/\/justweirdo.com\/index.php?rest_route=%2Fwp%2Fv2%2Fproduct_brand&post=4430"},{"taxonomy":"product_cat","embeddable":true,"href":"https:\/\/justweirdo.com\/index.php?rest_route=%2Fwp%2Fv2%2Fproduct_cat&post=4430"},{"taxonomy":"product_tag","embeddable":true,"href":"https:\/\/justweirdo.com\/index.php?rest_route=%2Fwp%2Fv2%2Fproduct_tag&post=4430"}],"curies":[{"name":"wp","href":"https:\/\/api.w.org\/{rel}","templated":true}]}}