{"id":4409,"date":"2025-07-26T08:23:45","date_gmt":"2025-07-26T06:23:45","guid":{"rendered":"https:\/\/justweirdo.com\/producto\/sudadera-eco-4-a-12-anos\/"},"modified":"2025-07-26T08:24:08","modified_gmt":"2025-07-26T06:24:08","slug":"sudadera-eco-4-a-12-anos","status":"publish","type":"product","link":"https:\/\/justweirdo.com\/?product=sudadera-eco-4-a-12-anos","title":{"rendered":"Sudadera  eco 4 a 12 a\u00f1os"},"content":{"rendered":"<p>\u00bfEst\u00e1s buscando una sudadera con capucha c\u00f3moda para tu peque? Esta sudadera con capucha eco para ni\u00f1os presenta un bolsillo delantero, pu\u00f1os acanalados y una capucha forrada que confiere m\u00e1s calidez. Queda como un guante y es muy suave. \u00a1Adem\u00e1s, est\u00e1 confeccionada en algod\u00f3n ecol\u00f3gico y poli\u00e9ster reciclado, lo que la convierte en una opci\u00f3n respetuosa con el medio ambiente!<\/p>\n<p>\u2022 80% algod\u00f3n ecol\u00f3gico, 20% poli\u00e9ster reciclado<br \/>\n\u2022 Exterior: 100% algod\u00f3n org\u00e1nico<br \/>\n\u2022 Mangas ragl\u00e1n<br \/>\n\u2022 Pu\u00f1os y dobladillo inferior acanalados 2\u00d72<br \/>\n\u2022 Tapeta de cuello en el mismo tejido (en el interior, parte trasera del cuello) <br \/>\n\u2022 Sudadera forrada de punto<br \/>\n\u2022 Punto cepillado<\/p>\n<p>No te olvides consultar la gu\u00eda de tallas antes de tu pedido<\/p>\n","protected":false},"excerpt":{"rendered":"<p>\u00bfEst\u00e1s buscando una sudadera con capucha c\u00f3moda para tu peque? Esta sudadera con capucha eco para ni\u00f1os presenta un bolsillo delantero, pu\u00f1os acanalados y una capucha forrada que confiere m\u00e1s calidez. Queda como un guante y es muy suave. \u00a1Adem\u00e1s, est\u00e1 confeccionada en algod\u00f3n ecol\u00f3gico y poli\u00e9ster reciclado, lo que la convierte en una opci\u00f3n [&hellip;]<\/p>\n","protected":false},"featured_media":4417,"comment_status":"open","ping_status":"closed","template":"","meta":{"_acf_changed":false,"_joinchat":[]},"product_brand":[],"product_cat":[35,37],"product_tag":[],"class_list":{"0":"post-4409","1":"product","2":"type-product","3":"status-publish","4":"has-post-thumbnail","6":"product_cat-ninos","7":"product_cat-sudaderas-ninos","9":"first","10":"instock","11":"taxable","12":"shipping-taxable","13":"purchasable","14":"product-type-variable"},"acf":[],"_links":{"self":[{"href":"https:\/\/justweirdo.com\/index.php?rest_route=\/wp\/v2\/product\/4409","targetHints":{"allow":["GET"]}}],"collection":[{"href":"https:\/\/justweirdo.com\/index.php?rest_route=\/wp\/v2\/product"}],"about":[{"href":"https:\/\/justweirdo.com\/index.php?rest_route=\/wp\/v2\/types\/product"}],"replies":[{"embeddable":true,"href":"https:\/\/justweirdo.com\/index.php?rest_route=%2Fwp%2Fv2%2Fcomments&post=4409"}],"version-history":[{"count":1,"href":"https:\/\/justweirdo.com\/index.php?rest_route=\/wp\/v2\/product\/4409\/revisions"}],"predecessor-version":[{"id":4422,"href":"https:\/\/justweirdo.com\/index.php?rest_route=\/wp\/v2\/product\/4409\/revisions\/4422"}],"wp:featuredmedia":[{"embeddable":true,"href":"https:\/\/justweirdo.com\/index.php?rest_route=\/wp\/v2\/media\/4417"}],"wp:attachment":[{"href":"https:\/\/justweirdo.com\/index.php?rest_route=%2Fwp%2Fv2%2Fmedia&parent=4409"}],"wp:term":[{"taxonomy":"product_brand","embeddable":true,"href":"https:\/\/justweirdo.com\/index.php?rest_route=%2Fwp%2Fv2%2Fproduct_brand&post=4409"},{"taxonomy":"product_cat","embeddable":true,"href":"https:\/\/justweirdo.com\/index.php?rest_route=%2Fwp%2Fv2%2Fproduct_cat&post=4409"},{"taxonomy":"product_tag","embeddable":true,"href":"https:\/\/justweirdo.com\/index.php?rest_route=%2Fwp%2Fv2%2Fproduct_tag&post=4409"}],"curies":[{"name":"wp","href":"https:\/\/api.w.org\/{rel}","templated":true}]}}