{"id":4396,"date":"2025-07-25T12:53:47","date_gmt":"2025-07-25T10:53:47","guid":{"rendered":"https:\/\/justweirdo.com\/producto\/sudadera-con-capucha-navy\/"},"modified":"2025-07-25T12:54:07","modified_gmt":"2025-07-25T10:54:07","slug":"sudadera-con-capucha-navy","status":"publish","type":"product","link":"https:\/\/justweirdo.com\/?product=sudadera-con-capucha-navy","title":{"rendered":"Sudadera con capucha Navy"},"content":{"rendered":"<p>Qui\u00e9n te iba a decir que una sudadera con un dise\u00f1o tan incre\u00edble pudiera ser tan suave. No te arrepentir\u00e1s de comprar esta pieza de streetwear \u00fanica con un conveniente bolsillo frontal y una capucha calentita para protegerte en las tardes m\u00e1s fr\u00edas.<\/p>\n<p>\u2022 Exterior 100% algod\u00f3n<br \/>\n\u2022 65% algod\u00f3n hilado en anillos, 35% poli\u00e9ster<br \/>\n\u2022 Bolsillo frontal<\/p>\n<p>Aviso: Esta sudadera talla peque\u00f1o. Para un ajuste perfecto, recomendamos pedir una talla mayor de la habitual.<br \/>\nNo te olvides consultar la gu\u00eda de tallas antes de tu pedido<\/p>\n","protected":false},"excerpt":{"rendered":"<p>Qui\u00e9n te iba a decir que una sudadera con un dise\u00f1o tan incre\u00edble pudiera ser tan suave. No te arrepentir\u00e1s de comprar esta pieza de streetwear \u00fanica con un conveniente bolsillo frontal y una capucha calentita para protegerte en las tardes m\u00e1s fr\u00edas. \u2022 Exterior 100% algod\u00f3n \u2022 65% algod\u00f3n hilado en anillos, 35% poli\u00e9ster [&hellip;]<\/p>\n","protected":false},"featured_media":4405,"comment_status":"open","ping_status":"closed","template":"","meta":{"_acf_changed":false,"_joinchat":[]},"product_brand":[],"product_cat":[18],"product_tag":[],"class_list":{"0":"post-4396","1":"product","2":"type-product","3":"status-publish","4":"has-post-thumbnail","6":"product_cat-sudaderas","8":"first","9":"instock","10":"taxable","11":"shipping-taxable","12":"purchasable","13":"product-type-variable"},"acf":[],"_links":{"self":[{"href":"https:\/\/justweirdo.com\/index.php?rest_route=\/wp\/v2\/product\/4396","targetHints":{"allow":["GET"]}}],"collection":[{"href":"https:\/\/justweirdo.com\/index.php?rest_route=\/wp\/v2\/product"}],"about":[{"href":"https:\/\/justweirdo.com\/index.php?rest_route=\/wp\/v2\/types\/product"}],"replies":[{"embeddable":true,"href":"https:\/\/justweirdo.com\/index.php?rest_route=%2Fwp%2Fv2%2Fcomments&post=4396"}],"version-history":[{"count":1,"href":"https:\/\/justweirdo.com\/index.php?rest_route=\/wp\/v2\/product\/4396\/revisions"}],"predecessor-version":[{"id":4408,"href":"https:\/\/justweirdo.com\/index.php?rest_route=\/wp\/v2\/product\/4396\/revisions\/4408"}],"wp:featuredmedia":[{"embeddable":true,"href":"https:\/\/justweirdo.com\/index.php?rest_route=\/wp\/v2\/media\/4405"}],"wp:attachment":[{"href":"https:\/\/justweirdo.com\/index.php?rest_route=%2Fwp%2Fv2%2Fmedia&parent=4396"}],"wp:term":[{"taxonomy":"product_brand","embeddable":true,"href":"https:\/\/justweirdo.com\/index.php?rest_route=%2Fwp%2Fv2%2Fproduct_brand&post=4396"},{"taxonomy":"product_cat","embeddable":true,"href":"https:\/\/justweirdo.com\/index.php?rest_route=%2Fwp%2Fv2%2Fproduct_cat&post=4396"},{"taxonomy":"product_tag","embeddable":true,"href":"https:\/\/justweirdo.com\/index.php?rest_route=%2Fwp%2Fv2%2Fproduct_tag&post=4396"}],"curies":[{"name":"wp","href":"https:\/\/api.w.org\/{rel}","templated":true}]}}