{"id":4372,"date":"2025-07-16T22:56:44","date_gmt":"2025-07-16T20:56:44","guid":{"rendered":"https:\/\/justweirdo.com\/producto\/sudadera-con-capucha-unisex\/"},"modified":"2025-07-16T22:57:01","modified_gmt":"2025-07-16T20:57:01","slug":"sudadera-con-capucha-unisex","status":"publish","type":"product","link":"https:\/\/justweirdo.com\/?product=sudadera-con-capucha-unisex","title":{"rendered":"Sudadera con capucha unisex"},"content":{"rendered":"<p>Todo el mundo necesita una sudadera c\u00f3moda con la que abrigarse y estar a la moda en el d\u00eda a d\u00eda. Y si adem\u00e1s es suave, c\u00e1lida y elegante como esta, mejor que mejor. \u00a1Ideal tambi\u00e9n para las noches m\u00e1s frescas!<\/p>\n<p>\u2022 50\u00a0% algod\u00f3n preencogido y 50\u00a0% poli\u00e9ster<br \/>\n\u2022 El tejido jaspeado <br \/>\n\u2022 Peso del tejido: 271,25 g\/m\u00b2 <br \/>\n\u2022 Capucha de doble forro con cord\u00f3n de ajuste a juego<br \/>\n\u2022 Cuerpo de un cuarto de vuelta para evitar arrugas en el centro<br \/>\n\u2022 Bolsillo canguro frontal<\/p>\n<p>No te olvides consultar la gu\u00eda de tallas antes de tu pedido<br \/>\nAviso: Debido a las propiedades del tejido, la variante en color blanco puede parecer blanco roto en lugar de blanco brillante.<\/p>\n","protected":false},"excerpt":{"rendered":"<p>Todo el mundo necesita una sudadera c\u00f3moda con la que abrigarse y estar a la moda en el d\u00eda a d\u00eda. Y si adem\u00e1s es suave, c\u00e1lida y elegante como esta, mejor que mejor. \u00a1Ideal tambi\u00e9n para las noches m\u00e1s frescas! \u2022 50\u00a0% algod\u00f3n preencogido y 50\u00a0% poli\u00e9ster \u2022 El tejido jaspeado \u2022 Peso del [&hellip;]<\/p>\n","protected":false},"featured_media":4380,"comment_status":"open","ping_status":"closed","template":"","meta":{"_acf_changed":false,"_joinchat":[]},"product_brand":[],"product_cat":[28],"product_tag":[],"class_list":{"0":"post-4372","1":"product","2":"type-product","3":"status-publish","4":"has-post-thumbnail","6":"product_cat-sudaderas-mujer","8":"first","9":"instock","10":"taxable","11":"shipping-taxable","12":"purchasable","13":"product-type-variable"},"acf":[],"_links":{"self":[{"href":"https:\/\/justweirdo.com\/index.php?rest_route=\/wp\/v2\/product\/4372","targetHints":{"allow":["GET"]}}],"collection":[{"href":"https:\/\/justweirdo.com\/index.php?rest_route=\/wp\/v2\/product"}],"about":[{"href":"https:\/\/justweirdo.com\/index.php?rest_route=\/wp\/v2\/types\/product"}],"replies":[{"embeddable":true,"href":"https:\/\/justweirdo.com\/index.php?rest_route=%2Fwp%2Fv2%2Fcomments&post=4372"}],"version-history":[{"count":1,"href":"https:\/\/justweirdo.com\/index.php?rest_route=\/wp\/v2\/product\/4372\/revisions"}],"predecessor-version":[{"id":4383,"href":"https:\/\/justweirdo.com\/index.php?rest_route=\/wp\/v2\/product\/4372\/revisions\/4383"}],"wp:featuredmedia":[{"embeddable":true,"href":"https:\/\/justweirdo.com\/index.php?rest_route=\/wp\/v2\/media\/4380"}],"wp:attachment":[{"href":"https:\/\/justweirdo.com\/index.php?rest_route=%2Fwp%2Fv2%2Fmedia&parent=4372"}],"wp:term":[{"taxonomy":"product_brand","embeddable":true,"href":"https:\/\/justweirdo.com\/index.php?rest_route=%2Fwp%2Fv2%2Fproduct_brand&post=4372"},{"taxonomy":"product_cat","embeddable":true,"href":"https:\/\/justweirdo.com\/index.php?rest_route=%2Fwp%2Fv2%2Fproduct_cat&post=4372"},{"taxonomy":"product_tag","embeddable":true,"href":"https:\/\/justweirdo.com\/index.php?rest_route=%2Fwp%2Fv2%2Fproduct_tag&post=4372"}],"curies":[{"name":"wp","href":"https:\/\/api.w.org\/{rel}","templated":true}]}}