{"id":4354,"date":"2025-07-09T23:49:07","date_gmt":"2025-07-09T21:49:07","guid":{"rendered":"https:\/\/justweirdo.com\/producto\/camiseta-super-weirdo\/"},"modified":"2025-07-14T23:24:51","modified_gmt":"2025-07-14T21:24:51","slug":"camiseta-super-weirdo","status":"publish","type":"product","link":"https:\/\/justweirdo.com\/?product=camiseta-super-weirdo","title":{"rendered":"Camiseta super weirdo"},"content":{"rendered":"<p>Esta camiseta es todo lo que has so\u00f1ado y m\u00e1s. Es suave y ligera, con la cantidad justa de elasticidad. Adem\u00e1s, es c\u00f3moda y realza la figura de todo el que la lleva puesta.<\/p>\n<p>\u2022 100% algod\u00f3n peinado e hilado en anillo <br \/>\n\u2022 Peso del tejido: 142 g\/m\u00b2 <\/p>\n<p>No te olvides consultar la gu\u00eda de tallas<\/p>\n","protected":false},"excerpt":{"rendered":"<p>Esta camiseta es todo lo que has so\u00f1ado y m\u00e1s. Es suave y ligera, con la cantidad justa de elasticidad. Adem\u00e1s, es c\u00f3moda y realza la figura de todo el que la lleva puesta. \u2022 100% algod\u00f3n peinado e hilado en anillo \u2022 Peso del tejido: 142 g\/m\u00b2 No te olvides consultar la gu\u00eda de [&hellip;]<\/p>\n","protected":false},"featured_media":4362,"comment_status":"open","ping_status":"closed","template":"","meta":{"_acf_changed":false,"_joinchat":[]},"product_brand":[],"product_cat":[17,16],"product_tag":[],"class_list":{"0":"post-4354","1":"product","2":"type-product","3":"status-publish","4":"has-post-thumbnail","6":"product_cat-camisetas","7":"product_cat-hombre","9":"first","10":"instock","11":"taxable","12":"shipping-taxable","13":"purchasable","14":"product-type-variable"},"acf":[],"_links":{"self":[{"href":"https:\/\/justweirdo.com\/index.php?rest_route=\/wp\/v2\/product\/4354","targetHints":{"allow":["GET"]}}],"collection":[{"href":"https:\/\/justweirdo.com\/index.php?rest_route=\/wp\/v2\/product"}],"about":[{"href":"https:\/\/justweirdo.com\/index.php?rest_route=\/wp\/v2\/types\/product"}],"replies":[{"embeddable":true,"href":"https:\/\/justweirdo.com\/index.php?rest_route=%2Fwp%2Fv2%2Fcomments&post=4354"}],"version-history":[{"count":1,"href":"https:\/\/justweirdo.com\/index.php?rest_route=\/wp\/v2\/product\/4354\/revisions"}],"predecessor-version":[{"id":4363,"href":"https:\/\/justweirdo.com\/index.php?rest_route=\/wp\/v2\/product\/4354\/revisions\/4363"}],"wp:featuredmedia":[{"embeddable":true,"href":"https:\/\/justweirdo.com\/index.php?rest_route=\/wp\/v2\/media\/4362"}],"wp:attachment":[{"href":"https:\/\/justweirdo.com\/index.php?rest_route=%2Fwp%2Fv2%2Fmedia&parent=4354"}],"wp:term":[{"taxonomy":"product_brand","embeddable":true,"href":"https:\/\/justweirdo.com\/index.php?rest_route=%2Fwp%2Fv2%2Fproduct_brand&post=4354"},{"taxonomy":"product_cat","embeddable":true,"href":"https:\/\/justweirdo.com\/index.php?rest_route=%2Fwp%2Fv2%2Fproduct_cat&post=4354"},{"taxonomy":"product_tag","embeddable":true,"href":"https:\/\/justweirdo.com\/index.php?rest_route=%2Fwp%2Fv2%2Fproduct_tag&post=4354"}],"curies":[{"name":"wp","href":"https:\/\/api.w.org\/{rel}","templated":true}]}}