{"id":4154,"date":"2025-04-29T21:11:41","date_gmt":"2025-04-29T19:11:41","guid":{"rendered":"https:\/\/justweirdo.com\/producto\/sudadera-azul-marino-nino\/"},"modified":"2025-04-29T21:12:01","modified_gmt":"2025-04-29T19:12:01","slug":"sudadera-azul-marino-nino","status":"publish","type":"product","link":"https:\/\/justweirdo.com\/?product=sudadera-azul-marino-nino","title":{"rendered":"Sudadera azul marino ni\u00f1o"},"content":{"rendered":"<p>Disfruta de la m\u00e1xima comodidad y durabilidad con la sudadera juvenil con capucha de mezcla pesada. Ideal para ni\u00f1os activos, esta sudadera con capucha, confeccionada en algod\u00f3n transpirable y poli\u00e9ster resistente, est\u00e1 dise\u00f1ada para resistir el desgaste y los lavados frecuentes. La ausencia de cordones garantiza la seguridad. <\/p>\n<p>\u2022 50% algod\u00f3n, 50% poli\u00e9ster<br \/>\n\u2022 Peso del tejido: 271,25 g\/m\u00b2<br \/>\n\u2022 Tejido polar de grosor medio<br \/>\n\u2022 Bolsillo canguro frontal<br \/>\n\u2022 Sin cordones por seguridad infantil<\/p>\n<p>No te olvides consultar la gu\u00eda de tallas antes de tu pedido<\/p>\n","protected":false},"excerpt":{"rendered":"<p>Disfruta de la m\u00e1xima comodidad y durabilidad con la sudadera juvenil con capucha de mezcla pesada. Ideal para ni\u00f1os activos, esta sudadera con capucha, confeccionada en algod\u00f3n transpirable y poli\u00e9ster resistente, est\u00e1 dise\u00f1ada para resistir el desgaste y los lavados frecuentes. La ausencia de cordones garantiza la seguridad. \u2022 50% algod\u00f3n, 50% poli\u00e9ster \u2022 Peso [&hellip;]<\/p>\n","protected":false},"featured_media":4162,"comment_status":"open","ping_status":"closed","template":"","meta":{"_acf_changed":false,"_joinchat":[]},"product_brand":[],"product_cat":[35,37],"product_tag":[],"class_list":{"0":"post-4154","1":"product","2":"type-product","3":"status-publish","4":"has-post-thumbnail","6":"product_cat-ninos","7":"product_cat-sudaderas-ninos","9":"first","10":"instock","11":"taxable","12":"shipping-taxable","13":"purchasable","14":"product-type-variable"},"acf":[],"_links":{"self":[{"href":"https:\/\/justweirdo.com\/index.php?rest_route=\/wp\/v2\/product\/4154","targetHints":{"allow":["GET"]}}],"collection":[{"href":"https:\/\/justweirdo.com\/index.php?rest_route=\/wp\/v2\/product"}],"about":[{"href":"https:\/\/justweirdo.com\/index.php?rest_route=\/wp\/v2\/types\/product"}],"replies":[{"embeddable":true,"href":"https:\/\/justweirdo.com\/index.php?rest_route=%2Fwp%2Fv2%2Fcomments&post=4154"}],"version-history":[{"count":1,"href":"https:\/\/justweirdo.com\/index.php?rest_route=\/wp\/v2\/product\/4154\/revisions"}],"predecessor-version":[{"id":4166,"href":"https:\/\/justweirdo.com\/index.php?rest_route=\/wp\/v2\/product\/4154\/revisions\/4166"}],"wp:featuredmedia":[{"embeddable":true,"href":"https:\/\/justweirdo.com\/index.php?rest_route=\/wp\/v2\/media\/4162"}],"wp:attachment":[{"href":"https:\/\/justweirdo.com\/index.php?rest_route=%2Fwp%2Fv2%2Fmedia&parent=4154"}],"wp:term":[{"taxonomy":"product_brand","embeddable":true,"href":"https:\/\/justweirdo.com\/index.php?rest_route=%2Fwp%2Fv2%2Fproduct_brand&post=4154"},{"taxonomy":"product_cat","embeddable":true,"href":"https:\/\/justweirdo.com\/index.php?rest_route=%2Fwp%2Fv2%2Fproduct_cat&post=4154"},{"taxonomy":"product_tag","embeddable":true,"href":"https:\/\/justweirdo.com\/index.php?rest_route=%2Fwp%2Fv2%2Fproduct_tag&post=4154"}],"curies":[{"name":"wp","href":"https:\/\/api.w.org\/{rel}","templated":true}]}}