{"id":4084,"date":"2025-03-10T22:57:16","date_gmt":"2025-03-10T21:57:16","guid":{"rendered":"https:\/\/justweirdo.com\/producto\/camiseta-insane-2\/"},"modified":"2025-03-10T23:01:48","modified_gmt":"2025-03-10T22:01:48","slug":"camiseta-insane-2","status":"publish","type":"product","link":"https:\/\/justweirdo.com\/?product=camiseta-insane-2","title":{"rendered":"Camiseta Insane"},"content":{"rendered":"<p>No pierdas el tiempo eligiendo, solo sigue tu instinto.<\/p>\n<p>\u2022 Algod\u00f3n hilado en anillos 100% org\u00e1nico<br \/>\n\u2022 Peso del tejido: 180 g\/m\u00b2<br \/>\n\u2022 Ajuste medio<\/p>\n<p>No te olvides consutar la gu\u00eda de tallas antes de tu pedido.<\/p>\n<p>Para el mercado estadounidense, las tallas son m\u00e1s peque\u00f1as que el equivalente habitual, por lo que se aconseja a los clientes de Estados Unidos que pidan una talla m\u00e1s grande.<\/p>\n","protected":false},"excerpt":{"rendered":"<p>No pierdas el tiempo eligiendo, solo sigue tu instinto. \u2022 Algod\u00f3n hilado en anillos 100% org\u00e1nico \u2022 Peso del tejido: 180 g\/m\u00b2 \u2022 Ajuste medio No te olvides consutar la gu\u00eda de tallas antes de tu pedido. Para el mercado estadounidense, las tallas son m\u00e1s peque\u00f1as que el equivalente habitual, por lo que se aconseja [&hellip;]<\/p>\n","protected":false},"featured_media":4090,"comment_status":"open","ping_status":"closed","template":"","meta":{"_acf_changed":false,"_joinchat":[]},"product_brand":[],"product_cat":[17,16],"product_tag":[],"class_list":{"0":"post-4084","1":"product","2":"type-product","3":"status-publish","4":"has-post-thumbnail","6":"product_cat-camisetas","7":"product_cat-hombre","9":"first","10":"instock","11":"taxable","12":"shipping-taxable","13":"purchasable","14":"product-type-variable"},"acf":[],"_links":{"self":[{"href":"https:\/\/justweirdo.com\/index.php?rest_route=\/wp\/v2\/product\/4084","targetHints":{"allow":["GET"]}}],"collection":[{"href":"https:\/\/justweirdo.com\/index.php?rest_route=\/wp\/v2\/product"}],"about":[{"href":"https:\/\/justweirdo.com\/index.php?rest_route=\/wp\/v2\/types\/product"}],"replies":[{"embeddable":true,"href":"https:\/\/justweirdo.com\/index.php?rest_route=%2Fwp%2Fv2%2Fcomments&post=4084"}],"version-history":[{"count":2,"href":"https:\/\/justweirdo.com\/index.php?rest_route=\/wp\/v2\/product\/4084\/revisions"}],"predecessor-version":[{"id":4095,"href":"https:\/\/justweirdo.com\/index.php?rest_route=\/wp\/v2\/product\/4084\/revisions\/4095"}],"wp:featuredmedia":[{"embeddable":true,"href":"https:\/\/justweirdo.com\/index.php?rest_route=\/wp\/v2\/media\/4090"}],"wp:attachment":[{"href":"https:\/\/justweirdo.com\/index.php?rest_route=%2Fwp%2Fv2%2Fmedia&parent=4084"}],"wp:term":[{"taxonomy":"product_brand","embeddable":true,"href":"https:\/\/justweirdo.com\/index.php?rest_route=%2Fwp%2Fv2%2Fproduct_brand&post=4084"},{"taxonomy":"product_cat","embeddable":true,"href":"https:\/\/justweirdo.com\/index.php?rest_route=%2Fwp%2Fv2%2Fproduct_cat&post=4084"},{"taxonomy":"product_tag","embeddable":true,"href":"https:\/\/justweirdo.com\/index.php?rest_route=%2Fwp%2Fv2%2Fproduct_tag&post=4084"}],"curies":[{"name":"wp","href":"https:\/\/api.w.org\/{rel}","templated":true}]}}