{"id":3925,"date":"2025-01-18T23:50:56","date_gmt":"2025-01-18T22:50:56","guid":{"rendered":"https:\/\/justweirdo.com\/producto\/camiseta-ruta-66\/"},"modified":"2025-01-18T23:51:21","modified_gmt":"2025-01-18T22:51:21","slug":"camiseta-ruta-66","status":"publish","type":"product","link":"https:\/\/justweirdo.com\/?product=camiseta-ruta-66","title":{"rendered":"Camiseta ruta 66"},"content":{"rendered":"<p>Algod\u00f3n hilado en anillos 100% org\u00e1nico, esta camiseta  es una prenda indispensable. Es de alta calidad, superc\u00f3moda y, lo mejor de todo, respetuosa con el medio ambiente.<\/p>\n<p>\u2022 Algod\u00f3n hilado en anillos 100% org\u00e1nico<br \/>\n\u2022 Peso del tejido: 180 g\/m\u00b2 <br \/>\n\u2022 Ajuste medio<\/p>\n<p>No te olvides consultar la gu\u00eda de tallas antes de tu compra<\/p>\n","protected":false},"excerpt":{"rendered":"<p>Algod\u00f3n hilado en anillos 100% org\u00e1nico, esta camiseta es una prenda indispensable. Es de alta calidad, superc\u00f3moda y, lo mejor de todo, respetuosa con el medio ambiente. \u2022 Algod\u00f3n hilado en anillos 100% org\u00e1nico \u2022 Peso del tejido: 180 g\/m\u00b2 \u2022 Ajuste medio No te olvides consultar la gu\u00eda de tallas antes de tu compra<\/p>\n","protected":false},"featured_media":3936,"comment_status":"open","ping_status":"closed","template":"","meta":{"_acf_changed":false,"_joinchat":[]},"product_brand":[],"product_cat":[17,16],"product_tag":[],"class_list":{"0":"post-3925","1":"product","2":"type-product","3":"status-publish","4":"has-post-thumbnail","6":"product_cat-camisetas","7":"product_cat-hombre","9":"first","10":"instock","11":"taxable","12":"shipping-taxable","13":"purchasable","14":"product-type-variable"},"acf":[],"_links":{"self":[{"href":"https:\/\/justweirdo.com\/index.php?rest_route=\/wp\/v2\/product\/3925","targetHints":{"allow":["GET"]}}],"collection":[{"href":"https:\/\/justweirdo.com\/index.php?rest_route=\/wp\/v2\/product"}],"about":[{"href":"https:\/\/justweirdo.com\/index.php?rest_route=\/wp\/v2\/types\/product"}],"replies":[{"embeddable":true,"href":"https:\/\/justweirdo.com\/index.php?rest_route=%2Fwp%2Fv2%2Fcomments&post=3925"}],"version-history":[{"count":1,"href":"https:\/\/justweirdo.com\/index.php?rest_route=\/wp\/v2\/product\/3925\/revisions"}],"predecessor-version":[{"id":3944,"href":"https:\/\/justweirdo.com\/index.php?rest_route=\/wp\/v2\/product\/3925\/revisions\/3944"}],"wp:featuredmedia":[{"embeddable":true,"href":"https:\/\/justweirdo.com\/index.php?rest_route=\/wp\/v2\/media\/3936"}],"wp:attachment":[{"href":"https:\/\/justweirdo.com\/index.php?rest_route=%2Fwp%2Fv2%2Fmedia&parent=3925"}],"wp:term":[{"taxonomy":"product_brand","embeddable":true,"href":"https:\/\/justweirdo.com\/index.php?rest_route=%2Fwp%2Fv2%2Fproduct_brand&post=3925"},{"taxonomy":"product_cat","embeddable":true,"href":"https:\/\/justweirdo.com\/index.php?rest_route=%2Fwp%2Fv2%2Fproduct_cat&post=3925"},{"taxonomy":"product_tag","embeddable":true,"href":"https:\/\/justweirdo.com\/index.php?rest_route=%2Fwp%2Fv2%2Fproduct_tag&post=3925"}],"curies":[{"name":"wp","href":"https:\/\/api.w.org\/{rel}","templated":true}]}}