{"id":3825,"date":"2024-11-09T00:11:32","date_gmt":"2024-11-08T23:11:32","guid":{"rendered":"https:\/\/justweirdo.com\/producto\/camiseta-organica-blanca-crazy\/"},"modified":"2024-11-24T22:15:23","modified_gmt":"2024-11-24T21:15:23","slug":"camiseta-organica-blanca-crazy","status":"publish","type":"product","link":"https:\/\/justweirdo.com\/?product=camiseta-organica-blanca-crazy","title":{"rendered":"Camiseta org\u00e1nica blanca crazy"},"content":{"rendered":"<p>Confeccionada con algod\u00f3n hilado en anillos 100% org\u00e1nico, camiseta para los m\u00e1s crazy.<\/p>\n<p>\u2022 Algod\u00f3n hilado en anillos 100% org\u00e1nico<br \/>\n\u2022 Peso del tejido: 180 g\/m\u00b2<br \/>\n\u2022 Ajuste medio<\/p>\n<p>No te olvides consultar la gu\u00eda de tallas para m\u00e1s info<\/p>\n","protected":false},"excerpt":{"rendered":"<p>Confeccionada con algod\u00f3n hilado en anillos 100% org\u00e1nico, camiseta para los m\u00e1s crazy. \u2022 Algod\u00f3n hilado en anillos 100% org\u00e1nico \u2022 Peso del tejido: 180 g\/m\u00b2 \u2022 Ajuste medio No te olvides consultar la gu\u00eda de tallas para m\u00e1s info<\/p>\n","protected":false},"featured_media":3836,"comment_status":"open","ping_status":"closed","template":"","meta":{"_acf_changed":false,"_joinchat":[]},"product_brand":[],"product_cat":[17,16],"product_tag":[],"class_list":{"0":"post-3825","1":"product","2":"type-product","3":"status-publish","4":"has-post-thumbnail","6":"product_cat-camisetas","7":"product_cat-hombre","9":"first","10":"instock","11":"taxable","12":"shipping-taxable","13":"purchasable","14":"product-type-variable"},"acf":[],"_links":{"self":[{"href":"https:\/\/justweirdo.com\/index.php?rest_route=\/wp\/v2\/product\/3825","targetHints":{"allow":["GET"]}}],"collection":[{"href":"https:\/\/justweirdo.com\/index.php?rest_route=\/wp\/v2\/product"}],"about":[{"href":"https:\/\/justweirdo.com\/index.php?rest_route=\/wp\/v2\/types\/product"}],"replies":[{"embeddable":true,"href":"https:\/\/justweirdo.com\/index.php?rest_route=%2Fwp%2Fv2%2Fcomments&post=3825"}],"version-history":[{"count":4,"href":"https:\/\/justweirdo.com\/index.php?rest_route=\/wp\/v2\/product\/3825\/revisions"}],"predecessor-version":[{"id":3905,"href":"https:\/\/justweirdo.com\/index.php?rest_route=\/wp\/v2\/product\/3825\/revisions\/3905"}],"wp:featuredmedia":[{"embeddable":true,"href":"https:\/\/justweirdo.com\/index.php?rest_route=\/wp\/v2\/media\/3836"}],"wp:attachment":[{"href":"https:\/\/justweirdo.com\/index.php?rest_route=%2Fwp%2Fv2%2Fmedia&parent=3825"}],"wp:term":[{"taxonomy":"product_brand","embeddable":true,"href":"https:\/\/justweirdo.com\/index.php?rest_route=%2Fwp%2Fv2%2Fproduct_brand&post=3825"},{"taxonomy":"product_cat","embeddable":true,"href":"https:\/\/justweirdo.com\/index.php?rest_route=%2Fwp%2Fv2%2Fproduct_cat&post=3825"},{"taxonomy":"product_tag","embeddable":true,"href":"https:\/\/justweirdo.com\/index.php?rest_route=%2Fwp%2Fv2%2Fproduct_tag&post=3825"}],"curies":[{"name":"wp","href":"https:\/\/api.w.org\/{rel}","templated":true}]}}