{"id":3734,"date":"2024-10-14T22:38:01","date_gmt":"2024-10-14T20:38:01","guid":{"rendered":"https:\/\/justweirdo.com\/producto\/mochila-con-cordones\/"},"modified":"2024-10-14T22:41:54","modified_gmt":"2024-10-14T20:41:54","slug":"mochila-con-cordones","status":"publish","type":"product","link":"https:\/\/justweirdo.com\/?product=mochila-con-cordones","title":{"rendered":"Mochila con cordones"},"content":{"rendered":"<p>Combina tu pasi\u00f3n por los estampados vivos y el estilo deportivo con esta bolsa de cord\u00f3n ajustable. Es un art\u00edculo imprescindible para ir al gimnasio y cuenta con un cierre superior de cord\u00f3n y asas de hombro en contraste. <\/p>\n<p>\u2022 100% poli\u00e9ster<br \/>\n\u2022 Tama\u00f1o de la mochila: 38,1 cm \u00d7 43,2 cm<br \/>\n\u2022 Color azul marino<br \/>\n\u2022 Cierre con cord\u00f3n<\/p>\n","protected":false},"excerpt":{"rendered":"<p>Combina tu pasi\u00f3n por los estampados vivos y el estilo deportivo con esta bolsa de cord\u00f3n ajustable. Es un art\u00edculo imprescindible para ir al gimnasio y cuenta con un cierre superior de cord\u00f3n y asas de hombro en contraste. \u2022 100% poli\u00e9ster \u2022 Tama\u00f1o de la mochila: 38,1 cm \u00d7 43,2 cm \u2022 Color azul [&hellip;]<\/p>\n","protected":false},"featured_media":3735,"comment_status":"open","ping_status":"closed","template":"","meta":{"_acf_changed":false,"_joinchat":[]},"product_brand":[],"product_cat":[100,20,29,31,22],"product_tag":[],"class_list":{"0":"post-3734","1":"product","2":"type-product","3":"status-publish","4":"has-post-thumbnail","6":"product_cat-accesorios-rebajas","7":"product_cat-accesorios","8":"product_cat-accesorios-mujer","9":"product_cat-bolsas-y-mochilas-accesorios-mujer","10":"product_cat-bolsas-y-mochilas","12":"first","13":"instock","14":"taxable","15":"shipping-taxable","16":"purchasable","17":"product-type-simple"},"acf":[],"_links":{"self":[{"href":"https:\/\/justweirdo.com\/index.php?rest_route=\/wp\/v2\/product\/3734","targetHints":{"allow":["GET"]}}],"collection":[{"href":"https:\/\/justweirdo.com\/index.php?rest_route=\/wp\/v2\/product"}],"about":[{"href":"https:\/\/justweirdo.com\/index.php?rest_route=\/wp\/v2\/types\/product"}],"replies":[{"embeddable":true,"href":"https:\/\/justweirdo.com\/index.php?rest_route=%2Fwp%2Fv2%2Fcomments&post=3734"}],"version-history":[{"count":2,"href":"https:\/\/justweirdo.com\/index.php?rest_route=\/wp\/v2\/product\/3734\/revisions"}],"predecessor-version":[{"id":3738,"href":"https:\/\/justweirdo.com\/index.php?rest_route=\/wp\/v2\/product\/3734\/revisions\/3738"}],"wp:featuredmedia":[{"embeddable":true,"href":"https:\/\/justweirdo.com\/index.php?rest_route=\/wp\/v2\/media\/3735"}],"wp:attachment":[{"href":"https:\/\/justweirdo.com\/index.php?rest_route=%2Fwp%2Fv2%2Fmedia&parent=3734"}],"wp:term":[{"taxonomy":"product_brand","embeddable":true,"href":"https:\/\/justweirdo.com\/index.php?rest_route=%2Fwp%2Fv2%2Fproduct_brand&post=3734"},{"taxonomy":"product_cat","embeddable":true,"href":"https:\/\/justweirdo.com\/index.php?rest_route=%2Fwp%2Fv2%2Fproduct_cat&post=3734"},{"taxonomy":"product_tag","embeddable":true,"href":"https:\/\/justweirdo.com\/index.php?rest_route=%2Fwp%2Fv2%2Fproduct_tag&post=3734"}],"curies":[{"name":"wp","href":"https:\/\/api.w.org\/{rel}","templated":true}]}}