{"id":3648,"date":"2024-10-03T16:04:59","date_gmt":"2024-10-03T14:04:59","guid":{"rendered":"https:\/\/justweirdo.com\/?post_type=product&#038;p=3648"},"modified":"2025-06-21T08:56:46","modified_gmt":"2025-06-21T06:56:46","slug":"camiseta-azul-marino-estampada-3d-weirdo-jorge-cadaval","status":"publish","type":"product","link":"https:\/\/justweirdo.com\/?product=camiseta-azul-marino-estampada-3d-weirdo-jorge-cadaval","title":{"rendered":"Camiseta Azul Marino 3D"},"content":{"rendered":"<h2><strong>Camiseta Azul Marino 3D<\/strong><\/h2>\n<p>Nuestra<strong>\u00a0camiseta azul marino estampada 3D<\/strong>\u00a0de manga corta, est\u00e1 confeccionada en 100% algod\u00f3n, de 170 gr. Posee un tejido de alta\u00a0<strong>calidad<\/strong>\u00a0que le confiere una textura suave y c\u00f3moda para su uso todo el d\u00eda. El dise\u00f1o se basa en un estampado\u00a0<strong>unicolor<\/strong>, logo estampado en la parte delantera y etiqueta con logo weirdo en manga izquierda.<\/p>\n<p>Resumen, caracter\u00edsticas e informaci\u00f3n de inter\u00e9s sobre el producto:<\/p>\n<ul>\n<li>Material: 100% algod\u00f3n 170 gr.<\/li>\n<li>Estampado: Unicolor con logo estampado en la parte delantera y etiqueta con logo en manga izquierda<\/li>\n<li>Color: Azul marino<\/li>\n<li>Manga: Corta<\/li>\n<li>Cuidados: Lavar a m\u00e1quina m\u00e1ximo a 40 grados. No utilizar secadora, lavado delicado.<\/li>\n<\/ul>\n<p><strong>\u00bfTienes dudas con las tallas?<\/strong>\u00a0Consulta aqu\u00ed nuestra gu\u00eda de\u00a0<a href=\"https:\/\/dev.justweirdo.com\/wp-content\/uploads\/2021\/08\/tallaje-talla-camiseta-estampada-comic-weirdo-justweirdo.png\" target=\"_blank\" rel=\"noopener\"><strong>tallaje<\/strong><\/a><\/p>\n<p>Echa un ojo al resto de productos de nuestra\u00a0<a href=\"https:\/\/dev.justweirdo.com\/\"><strong>tienda<\/strong><\/a> en la que encontrar\u00e1s una amplia gama de colores y dise\u00f1os diferentes.<\/p>\n<p>\u00a1\u00a1Env\u00edos a toda Espa\u00f1a!!<\/p>\n<p><strong>Weirdo, un estilo simple para un esp\u00edritu libre. Be Weirdo, be You !!<\/strong><\/p>\n","protected":false},"excerpt":{"rendered":"<p>Camiseta color <strong>azul marino\u00a0estampada 3D Just Weirdo<\/strong> de manga corta unisex, 100% algod\u00f3n. Logo estampado en la parte delantera y etiqueta con logo en manga izquierda.<\/p>\n<p><strong>\u00bfTienes dudas con las tallas?<\/strong> Consulta aqu\u00ed nuestra gu\u00eda de <a href=\"https:\/\/justweirdo.com\/wp-content\/uploads\/2021\/08\/tallaje-talla-camiseta-estampada-comic-weirdo-justweirdo.png\" target=\"_blank\" rel=\"noopener\"><strong>tallaje<\/strong><\/a><\/p>\n","protected":false},"featured_media":4026,"comment_status":"open","ping_status":"closed","template":"","meta":{"_acf_changed":false,"_joinchat":[]},"product_brand":[],"product_cat":[17,16],"product_tag":[],"class_list":{"0":"post-3648","1":"product","2":"type-product","3":"status-publish","4":"has-post-thumbnail","6":"product_cat-camisetas","7":"product_cat-hombre","9":"first","10":"instock","11":"taxable","12":"shipping-taxable","13":"purchasable","14":"product-type-variable"},"acf":[],"_links":{"self":[{"href":"https:\/\/justweirdo.com\/index.php?rest_route=\/wp\/v2\/product\/3648","targetHints":{"allow":["GET"]}}],"collection":[{"href":"https:\/\/justweirdo.com\/index.php?rest_route=\/wp\/v2\/product"}],"about":[{"href":"https:\/\/justweirdo.com\/index.php?rest_route=\/wp\/v2\/types\/product"}],"replies":[{"embeddable":true,"href":"https:\/\/justweirdo.com\/index.php?rest_route=%2Fwp%2Fv2%2Fcomments&post=3648"}],"version-history":[{"count":7,"href":"https:\/\/justweirdo.com\/index.php?rest_route=\/wp\/v2\/product\/3648\/revisions"}],"predecessor-version":[{"id":3820,"href":"https:\/\/justweirdo.com\/index.php?rest_route=\/wp\/v2\/product\/3648\/revisions\/3820"}],"wp:featuredmedia":[{"embeddable":true,"href":"https:\/\/justweirdo.com\/index.php?rest_route=\/wp\/v2\/media\/4026"}],"wp:attachment":[{"href":"https:\/\/justweirdo.com\/index.php?rest_route=%2Fwp%2Fv2%2Fmedia&parent=3648"}],"wp:term":[{"taxonomy":"product_brand","embeddable":true,"href":"https:\/\/justweirdo.com\/index.php?rest_route=%2Fwp%2Fv2%2Fproduct_brand&post=3648"},{"taxonomy":"product_cat","embeddable":true,"href":"https:\/\/justweirdo.com\/index.php?rest_route=%2Fwp%2Fv2%2Fproduct_cat&post=3648"},{"taxonomy":"product_tag","embeddable":true,"href":"https:\/\/justweirdo.com\/index.php?rest_route=%2Fwp%2Fv2%2Fproduct_tag&post=3648"}],"curies":[{"name":"wp","href":"https:\/\/api.w.org\/{rel}","templated":true}]}}