{"id":3415,"date":"2024-09-19T07:36:38","date_gmt":"2024-09-19T05:36:38","guid":{"rendered":"https:\/\/justweirdo.com\/producto\/funda-dura-para-iphone\/"},"modified":"2024-09-19T07:37:26","modified_gmt":"2024-09-19T05:37:26","slug":"funda-dura-para-iphone","status":"publish","type":"product","link":"https:\/\/justweirdo.com\/?product=funda-dura-para-iphone","title":{"rendered":"Funda dura para iPhone"},"content":{"rendered":"<p>Protege tu tel\u00e9fono con estilo con una funda duradera de doble capa. La carcasa exterior est\u00e1 hecha de policarbonato, resistente a los impactos, mientras que el interior cuenta con una capa de TPU para una m\u00e1xima absorci\u00f3n de los impactos. \u00a1Mant\u00e9n tu tel\u00e9fono protegido y a la moda durante todo el a\u00f1o! <\/p>\n<p>\u2022 Capa interior de TPU de poliuretano termopl\u00e1stico<br \/>\n\u2022 Protecci\u00f3n de doble capa<br \/>\n\u2022 Aberturas para los puertos perfectamente alineadas<br \/>\n\u2022 Compatible con la carga por inducci\u00f3n<\/p>\n","protected":false},"excerpt":{"rendered":"<p>Protege tu tel\u00e9fono con estilo con una funda duradera de doble capa. La carcasa exterior est\u00e1 hecha de policarbonato, resistente a los impactos, mientras que el interior cuenta con una capa de TPU para una m\u00e1xima absorci\u00f3n de los impactos. \u00a1Mant\u00e9n tu tel\u00e9fono protegido y a la moda durante todo el a\u00f1o! \u2022 Capa interior [&hellip;]<\/p>\n","protected":false},"featured_media":3435,"comment_status":"open","ping_status":"closed","template":"","meta":{"_acf_changed":false,"_joinchat":[]},"product_brand":[],"product_cat":[23,32],"product_tag":[],"class_list":{"0":"post-3415","1":"product","2":"type-product","3":"status-publish","4":"has-post-thumbnail","6":"product_cat-carcasas","7":"product_cat-carcasas-accesorios-mujer","9":"first","10":"instock","11":"taxable","12":"shipping-taxable","13":"purchasable","14":"product-type-variable"},"acf":[],"_links":{"self":[{"href":"https:\/\/justweirdo.com\/index.php?rest_route=\/wp\/v2\/product\/3415","targetHints":{"allow":["GET"]}}],"collection":[{"href":"https:\/\/justweirdo.com\/index.php?rest_route=\/wp\/v2\/product"}],"about":[{"href":"https:\/\/justweirdo.com\/index.php?rest_route=\/wp\/v2\/types\/product"}],"replies":[{"embeddable":true,"href":"https:\/\/justweirdo.com\/index.php?rest_route=%2Fwp%2Fv2%2Fcomments&post=3415"}],"version-history":[{"count":1,"href":"https:\/\/justweirdo.com\/index.php?rest_route=\/wp\/v2\/product\/3415\/revisions"}],"predecessor-version":[{"id":3454,"href":"https:\/\/justweirdo.com\/index.php?rest_route=\/wp\/v2\/product\/3415\/revisions\/3454"}],"wp:featuredmedia":[{"embeddable":true,"href":"https:\/\/justweirdo.com\/index.php?rest_route=\/wp\/v2\/media\/3435"}],"wp:attachment":[{"href":"https:\/\/justweirdo.com\/index.php?rest_route=%2Fwp%2Fv2%2Fmedia&parent=3415"}],"wp:term":[{"taxonomy":"product_brand","embeddable":true,"href":"https:\/\/justweirdo.com\/index.php?rest_route=%2Fwp%2Fv2%2Fproduct_brand&post=3415"},{"taxonomy":"product_cat","embeddable":true,"href":"https:\/\/justweirdo.com\/index.php?rest_route=%2Fwp%2Fv2%2Fproduct_cat&post=3415"},{"taxonomy":"product_tag","embeddable":true,"href":"https:\/\/justweirdo.com\/index.php?rest_route=%2Fwp%2Fv2%2Fproduct_tag&post=3415"}],"curies":[{"name":"wp","href":"https:\/\/api.w.org\/{rel}","templated":true}]}}