{"id":3339,"date":"2024-09-13T23:23:59","date_gmt":"2024-09-13T21:23:59","guid":{"rendered":"https:\/\/justweirdo.com\/?post_type=product&#038;p=3339"},"modified":"2025-02-11T18:35:09","modified_gmt":"2025-02-11T17:35:09","slug":"polo-blanco-weirdo-copia","status":"publish","type":"product","link":"https:\/\/justweirdo.com\/?product=polo-blanco-weirdo-copia","title":{"rendered":"Polo gris"},"content":{"rendered":"<p><strong>Polo gris<\/strong>\u00a0de manga corta, confeccionado en 100% algod\u00f3n. Posee un tejido de alta <strong>calidad<\/strong> que le confiere una textura suave y c\u00f3moda para su uso todo el d\u00eda. Logo azul marino bordado zona frontal.<\/p>\n<p>Resumen, caracter\u00edsticas e informaci\u00f3n de inter\u00e9s sobre el producto:<\/p>\n<ul>\n<li>Material: 100% algod\u00f3n<\/li>\n<li>Color: Gris<\/li>\n<li>Manga: Corta<\/li>\n<li>Cuello: Polo<\/li>\n<li>Modelo: Hombre<\/li>\n<li>Cuidados: Lavar a m\u00e1quina m\u00e1ximo a 40\u00ba<\/li>\n<\/ul>\n<p>Echa un ojo al resto de productos de nuestra <a href=\"https:\/\/dev.justweirdo.com\/\"><strong>tienda<\/strong><\/a> en la que encontrar\u00e1s una amplia gama de colores y dise\u00f1os diferentes.<\/p>\n<p>\u00a1\u00a1Env\u00edos a toda Espa\u00f1a!!<\/p>\n<p><span style=\"color: #003366;\"><strong>Weirdo, un estilo simple para un esp\u00edritu libre. Be Weirdo, be You!!<\/strong><\/span><\/p>\n","protected":false},"excerpt":{"rendered":"<p>Polo gris\u00a0de manga corta, confeccionado en 100% algod\u00f3n. Posee un tejido de alta calidad que le confiere una textura suave y c\u00f3moda para su uso todo el d\u00eda. Logo azul marino bordado zona frontal. Resumen, caracter\u00edsticas e informaci\u00f3n de inter\u00e9s sobre el producto: Material: 100% algod\u00f3n Color: Gris Manga: Corta Cuello: Polo Modelo: Hombre Cuidados: [&hellip;]<\/p>\n","protected":false},"featured_media":4028,"comment_status":"open","ping_status":"closed","template":"","meta":{"_acf_changed":false,"_joinchat":[]},"product_brand":[],"product_cat":[16,19,98,41],"product_tag":[],"class_list":{"0":"post-3339","1":"product","2":"type-product","3":"status-publish","4":"has-post-thumbnail","6":"product_cat-hombre","7":"product_cat-polos","8":"product_cat-polos-rebajas","9":"product_cat-rebajas","11":"first","12":"instock","13":"sale","14":"taxable","15":"shipping-taxable","16":"purchasable","17":"product-type-variable"},"acf":[],"_links":{"self":[{"href":"https:\/\/justweirdo.com\/index.php?rest_route=\/wp\/v2\/product\/3339","targetHints":{"allow":["GET"]}}],"collection":[{"href":"https:\/\/justweirdo.com\/index.php?rest_route=\/wp\/v2\/product"}],"about":[{"href":"https:\/\/justweirdo.com\/index.php?rest_route=\/wp\/v2\/types\/product"}],"replies":[{"embeddable":true,"href":"https:\/\/justweirdo.com\/index.php?rest_route=%2Fwp%2Fv2%2Fcomments&post=3339"}],"version-history":[{"count":3,"href":"https:\/\/justweirdo.com\/index.php?rest_route=\/wp\/v2\/product\/3339\/revisions"}],"predecessor-version":[{"id":3679,"href":"https:\/\/justweirdo.com\/index.php?rest_route=\/wp\/v2\/product\/3339\/revisions\/3679"}],"wp:featuredmedia":[{"embeddable":true,"href":"https:\/\/justweirdo.com\/index.php?rest_route=\/wp\/v2\/media\/4028"}],"wp:attachment":[{"href":"https:\/\/justweirdo.com\/index.php?rest_route=%2Fwp%2Fv2%2Fmedia&parent=3339"}],"wp:term":[{"taxonomy":"product_brand","embeddable":true,"href":"https:\/\/justweirdo.com\/index.php?rest_route=%2Fwp%2Fv2%2Fproduct_brand&post=3339"},{"taxonomy":"product_cat","embeddable":true,"href":"https:\/\/justweirdo.com\/index.php?rest_route=%2Fwp%2Fv2%2Fproduct_cat&post=3339"},{"taxonomy":"product_tag","embeddable":true,"href":"https:\/\/justweirdo.com\/index.php?rest_route=%2Fwp%2Fv2%2Fproduct_tag&post=3339"}],"curies":[{"name":"wp","href":"https:\/\/api.w.org\/{rel}","templated":true}]}}