{"id":3242,"date":"2024-09-09T18:39:10","date_gmt":"2024-09-09T16:39:10","guid":{"rendered":"https:\/\/justweirdo.com\/?post_type=product&#038;p=3242"},"modified":"2025-02-07T15:46:05","modified_gmt":"2025-02-07T14:46:05","slug":"polo-azul-navy","status":"publish","type":"product","link":"https:\/\/justweirdo.com\/?product=polo-azul-navy","title":{"rendered":"Polo azul"},"content":{"rendered":"<p><strong>Polo azul <\/strong>\u00a0de manga corta, confeccionado en 100% algod\u00f3n. Posee un tejido de alta <strong>calidad<\/strong> que le confiere una textura suave y c\u00f3moda para su uso todo el d\u00eda. Logo Weirdo bordado en la parte delantera izquierda, en un color gris rojo.<\/p>\n<p>Resumen, caracter\u00edsticas e informaci\u00f3n de inter\u00e9s sobre el producto:<\/p>\n<ul>\n<li>Material: 100% algod\u00f3n<\/li>\n<li>Color: Azul<\/li>\n<li>Manga: Corta<\/li>\n<li>Cuello: Polo<\/li>\n<li>Modelo: Hombre<\/li>\n<li>Cuidados: Lavar a m\u00e1quina a 40\u00ba<\/li>\n<\/ul>\n<p>El modelo <strong>polo azul <\/strong>\u00a0confiere elegancia y estilo sin renunciar a la comodidad. Es ideal para la \u00e9poca estival combin\u00e1ndolo con tus complementos favoritos. Se puede combinar muy f\u00e1cilmente con vaqueros, chinos o pantalones de traje. Echa un ojo a la galer\u00eda de im\u00e1genes y comprobar\u00e1s que se trata de una prenda que encaja perfectamente con tu estilo.<\/p>\n<p>\u00a1Env\u00edos a toda Espa\u00f1a!<\/p>\n<p><span style=\"color: #003366;\"><strong>Weirdo, un estilo simple para un esp\u00edritu libre. Be Weirdo, be You!!<\/strong><\/span><\/p>\n","protected":false},"excerpt":{"rendered":"<p>Polo color <strong>azul marino navy<\/strong> de manga corta, confeccionado en 100% algod\u00f3n. Tejido de alta calidad que le confiere una textura suave y c\u00f3moda para todo el d\u00eda. Logo bordado en color <strong>gris<\/strong> en lado izquierdo.<\/p>\n<p><strong>\u00bfTienes dudas con las tallas?<\/strong>\u00a0Consulta aqu\u00ed nuestra gu\u00eda de\u00a0<strong>tallaje<\/strong>\u00a0para\u00a0<a href=\"https:\/\/dev.justweirdo.com\/wp-content\/uploads\/2021\/08\/guia-de-tallas-tallaje-polos.png\" target=\"_blank\" rel=\"noopener\"><strong>polos<\/strong><\/a>\u00a0y\u00a0<a href=\"https:\/\/dev.justweirdo.com\/wp-content\/uploads\/2021\/08\/guia-de-tallas-tallaje-camisetas.png\" target=\"_blank\" rel=\"noopener\"><strong>camisetas<\/strong><\/a><\/p>\n","protected":false},"featured_media":4031,"comment_status":"open","ping_status":"closed","template":"","meta":{"_acf_changed":false,"_joinchat":[]},"product_brand":[],"product_cat":[16,19,98,41],"product_tag":[],"class_list":{"0":"post-3242","1":"product","2":"type-product","3":"status-publish","4":"has-post-thumbnail","6":"product_cat-hombre","7":"product_cat-polos","8":"product_cat-polos-rebajas","9":"product_cat-rebajas","11":"first","12":"instock","13":"sale","14":"taxable","15":"shipping-taxable","16":"purchasable","17":"product-type-variable"},"acf":[],"_links":{"self":[{"href":"https:\/\/justweirdo.com\/index.php?rest_route=\/wp\/v2\/product\/3242","targetHints":{"allow":["GET"]}}],"collection":[{"href":"https:\/\/justweirdo.com\/index.php?rest_route=\/wp\/v2\/product"}],"about":[{"href":"https:\/\/justweirdo.com\/index.php?rest_route=\/wp\/v2\/types\/product"}],"replies":[{"embeddable":true,"href":"https:\/\/justweirdo.com\/index.php?rest_route=%2Fwp%2Fv2%2Fcomments&post=3242"}],"version-history":[{"count":6,"href":"https:\/\/justweirdo.com\/index.php?rest_route=\/wp\/v2\/product\/3242\/revisions"}],"predecessor-version":[{"id":4030,"href":"https:\/\/justweirdo.com\/index.php?rest_route=\/wp\/v2\/product\/3242\/revisions\/4030"}],"wp:featuredmedia":[{"embeddable":true,"href":"https:\/\/justweirdo.com\/index.php?rest_route=\/wp\/v2\/media\/4031"}],"wp:attachment":[{"href":"https:\/\/justweirdo.com\/index.php?rest_route=%2Fwp%2Fv2%2Fmedia&parent=3242"}],"wp:term":[{"taxonomy":"product_brand","embeddable":true,"href":"https:\/\/justweirdo.com\/index.php?rest_route=%2Fwp%2Fv2%2Fproduct_brand&post=3242"},{"taxonomy":"product_cat","embeddable":true,"href":"https:\/\/justweirdo.com\/index.php?rest_route=%2Fwp%2Fv2%2Fproduct_cat&post=3242"},{"taxonomy":"product_tag","embeddable":true,"href":"https:\/\/justweirdo.com\/index.php?rest_route=%2Fwp%2Fv2%2Fproduct_tag&post=3242"}],"curies":[{"name":"wp","href":"https:\/\/api.w.org\/{rel}","templated":true}]}}