{"id":3189,"date":"2024-09-07T18:47:23","date_gmt":"2024-09-07T16:47:23","guid":{"rendered":"https:\/\/justweirdo.com\/producto\/camiseta-algodon-organico-nino-3\/"},"modified":"2024-09-11T10:22:50","modified_gmt":"2024-09-11T08:22:50","slug":"camiseta-algodon-organico-nino-3","status":"publish","type":"product","link":"https:\/\/justweirdo.com\/?product=camiseta-algodon-organico-nino-3","title":{"rendered":"Camiseta algod\u00f3n org\u00e1nico ni\u00f1o"},"content":{"rendered":"<p>\u00a1Viste a tus hijos con una camiseta bonita, superc\u00f3moda y fabricada con tejido natural! \u00a1Esta camiseta de algod\u00f3n 100% org\u00e1nico se va a convertir sin duda en tu favorita!<\/p>\n<p>\u2022 Algod\u00f3n peinado hilado en anillos 100% org\u00e1nico<br \/>\n\u2022 Peso del tejido: 155 g\/m\u00b2 <\/p>\n<p>No te olvides consultar la gu\u00eda de tallas antes de tu pedido.<\/p>\n","protected":false},"excerpt":{"rendered":"<p>\u00a1Viste a tus hijos con una camiseta bonita, superc\u00f3moda y fabricada con tejido natural! \u00a1Esta camiseta de algod\u00f3n 100% org\u00e1nico se va a convertir sin duda en tu favorita! \u2022 Algod\u00f3n peinado hilado en anillos 100% org\u00e1nico \u2022 Peso del tejido: 155 g\/m\u00b2 No te olvides consultar la gu\u00eda de tallas antes de tu pedido.<\/p>\n","protected":false},"featured_media":3197,"comment_status":"open","ping_status":"closed","template":"","meta":{"_acf_changed":false,"_joinchat":[]},"product_brand":[],"product_cat":[36,35],"product_tag":[],"class_list":{"0":"post-3189","1":"product","2":"type-product","3":"status-publish","4":"has-post-thumbnail","6":"product_cat-camisetas-ninos","7":"product_cat-ninos","9":"first","10":"instock","11":"taxable","12":"shipping-taxable","13":"purchasable","14":"product-type-variable"},"acf":[],"_links":{"self":[{"href":"https:\/\/justweirdo.com\/index.php?rest_route=\/wp\/v2\/product\/3189","targetHints":{"allow":["GET"]}}],"collection":[{"href":"https:\/\/justweirdo.com\/index.php?rest_route=\/wp\/v2\/product"}],"about":[{"href":"https:\/\/justweirdo.com\/index.php?rest_route=\/wp\/v2\/types\/product"}],"replies":[{"embeddable":true,"href":"https:\/\/justweirdo.com\/index.php?rest_route=%2Fwp%2Fv2%2Fcomments&post=3189"}],"version-history":[{"count":1,"href":"https:\/\/justweirdo.com\/index.php?rest_route=\/wp\/v2\/product\/3189\/revisions"}],"predecessor-version":[{"id":3203,"href":"https:\/\/justweirdo.com\/index.php?rest_route=\/wp\/v2\/product\/3189\/revisions\/3203"}],"wp:featuredmedia":[{"embeddable":true,"href":"https:\/\/justweirdo.com\/index.php?rest_route=\/wp\/v2\/media\/3197"}],"wp:attachment":[{"href":"https:\/\/justweirdo.com\/index.php?rest_route=%2Fwp%2Fv2%2Fmedia&parent=3189"}],"wp:term":[{"taxonomy":"product_brand","embeddable":true,"href":"https:\/\/justweirdo.com\/index.php?rest_route=%2Fwp%2Fv2%2Fproduct_brand&post=3189"},{"taxonomy":"product_cat","embeddable":true,"href":"https:\/\/justweirdo.com\/index.php?rest_route=%2Fwp%2Fv2%2Fproduct_cat&post=3189"},{"taxonomy":"product_tag","embeddable":true,"href":"https:\/\/justweirdo.com\/index.php?rest_route=%2Fwp%2Fv2%2Fproduct_tag&post=3189"}],"curies":[{"name":"wp","href":"https:\/\/api.w.org\/{rel}","templated":true}]}}