{"id":3147,"date":"2024-09-07T17:35:47","date_gmt":"2024-09-07T15:35:47","guid":{"rendered":"https:\/\/justweirdo.com\/producto\/camiseta-algodon-organico-nino-2\/"},"modified":"2024-09-11T10:22:50","modified_gmt":"2024-09-11T08:22:50","slug":"camiseta-algodon-organico-nino-2","status":"publish","type":"product","link":"https:\/\/justweirdo.com\/?product=camiseta-algodon-organico-nino-2","title":{"rendered":"Camiseta algod\u00f3n org\u00e1nico ni\u00f1o"},"content":{"rendered":"<p>\u00a1Viste a tus hijos con una camiseta bonita, superc\u00f3moda y fabricada con tejido natural! \u00a1Esta camiseta de algod\u00f3n 100% org\u00e1nico se va a convertir sin duda en tu favorita!<\/p>\n<p>\u2022 Algod\u00f3n peinado hilado en anillos 100% org\u00e1nico<br \/>\n\u2022 Peso del tejido: 155 g\/m\u00b2 (4.57 oz\/yd\u00b2)<\/p>\n<p>No te olvides consultar la gu\u00eda de tallas para antes de tu compra.<\/p>\n","protected":false},"excerpt":{"rendered":"<p>\u00a1Viste a tus hijos con una camiseta bonita, superc\u00f3moda y fabricada con tejido natural! \u00a1Esta camiseta de algod\u00f3n 100% org\u00e1nico se va a convertir sin duda en tu favorita! \u2022 Algod\u00f3n peinado hilado en anillos 100% org\u00e1nico \u2022 Peso del tejido: 155 g\/m\u00b2 (4.57 oz\/yd\u00b2) No te olvides consultar la gu\u00eda de tallas para antes [&hellip;]<\/p>\n","protected":false},"featured_media":3155,"comment_status":"open","ping_status":"closed","template":"","meta":{"_acf_changed":false,"_joinchat":[]},"product_brand":[],"product_cat":[36,35],"product_tag":[],"class_list":{"0":"post-3147","1":"product","2":"type-product","3":"status-publish","4":"has-post-thumbnail","6":"product_cat-camisetas-ninos","7":"product_cat-ninos","9":"first","10":"instock","11":"taxable","12":"shipping-taxable","13":"purchasable","14":"product-type-variable"},"acf":[],"_links":{"self":[{"href":"https:\/\/justweirdo.com\/index.php?rest_route=\/wp\/v2\/product\/3147","targetHints":{"allow":["GET"]}}],"collection":[{"href":"https:\/\/justweirdo.com\/index.php?rest_route=\/wp\/v2\/product"}],"about":[{"href":"https:\/\/justweirdo.com\/index.php?rest_route=\/wp\/v2\/types\/product"}],"replies":[{"embeddable":true,"href":"https:\/\/justweirdo.com\/index.php?rest_route=%2Fwp%2Fv2%2Fcomments&post=3147"}],"version-history":[{"count":1,"href":"https:\/\/justweirdo.com\/index.php?rest_route=\/wp\/v2\/product\/3147\/revisions"}],"predecessor-version":[{"id":3163,"href":"https:\/\/justweirdo.com\/index.php?rest_route=\/wp\/v2\/product\/3147\/revisions\/3163"}],"wp:featuredmedia":[{"embeddable":true,"href":"https:\/\/justweirdo.com\/index.php?rest_route=\/wp\/v2\/media\/3155"}],"wp:attachment":[{"href":"https:\/\/justweirdo.com\/index.php?rest_route=%2Fwp%2Fv2%2Fmedia&parent=3147"}],"wp:term":[{"taxonomy":"product_brand","embeddable":true,"href":"https:\/\/justweirdo.com\/index.php?rest_route=%2Fwp%2Fv2%2Fproduct_brand&post=3147"},{"taxonomy":"product_cat","embeddable":true,"href":"https:\/\/justweirdo.com\/index.php?rest_route=%2Fwp%2Fv2%2Fproduct_cat&post=3147"},{"taxonomy":"product_tag","embeddable":true,"href":"https:\/\/justweirdo.com\/index.php?rest_route=%2Fwp%2Fv2%2Fproduct_tag&post=3147"}],"curies":[{"name":"wp","href":"https:\/\/api.w.org\/{rel}","templated":true}]}}