{"id":2362,"date":"2024-08-12T09:02:26","date_gmt":"2024-08-12T07:02:26","guid":{"rendered":"https:\/\/dev.justweirdo.com\/producto\/sudadera-chica-eco\/"},"modified":"2025-04-03T22:41:51","modified_gmt":"2025-04-03T20:41:51","slug":"sudadera-chica-eco","status":"publish","type":"product","link":"https:\/\/justweirdo.com\/?product=sudadera-chica-eco","title":{"rendered":"Sudadera chica eco"},"content":{"rendered":"<p>Dise\u00f1ada para las m\u00e1s atrevidas, la sudadera dispone de impresi\u00f3n de marca en manga derecha.<\/p>\n<p>\u2022 100% algod\u00f3n org\u00e1nico<br \/>\n\u2022 Peso del tejido: 350 g\/m\u00b2<br \/>\n\u2022 Ajuste regular<br \/>\n\u2022 Bolsillo delantero<\/p>\n<p>No te olvides consultar la gu\u00eda de tallas antes de tu pedido. disponemos de varios proveedores por lo que las tallas pueden variar.<\/p>\n","protected":false},"excerpt":{"rendered":"<p>Dise\u00f1ada para las m\u00e1s atrevidas, la sudadera dispone de impresi\u00f3n de marca en manga derecha. \u2022 100% algod\u00f3n org\u00e1nico \u2022 Peso del tejido: 350 g\/m\u00b2 \u2022 Ajuste regular \u2022 Bolsillo delantero No te olvides consultar la gu\u00eda de tallas antes de tu pedido. disponemos de varios proveedores por lo que las tallas pueden variar.<\/p>\n","protected":false},"featured_media":2370,"comment_status":"open","ping_status":"closed","template":"","meta":{"_acf_changed":false,"_joinchat":[]},"product_brand":[],"product_cat":[28],"product_tag":[],"class_list":{"0":"post-2362","1":"product","2":"type-product","3":"status-publish","4":"has-post-thumbnail","6":"product_cat-sudaderas-mujer","8":"first","9":"instock","10":"taxable","11":"shipping-taxable","12":"purchasable","13":"product-type-variable"},"acf":[],"_links":{"self":[{"href":"https:\/\/justweirdo.com\/index.php?rest_route=\/wp\/v2\/product\/2362","targetHints":{"allow":["GET"]}}],"collection":[{"href":"https:\/\/justweirdo.com\/index.php?rest_route=\/wp\/v2\/product"}],"about":[{"href":"https:\/\/justweirdo.com\/index.php?rest_route=\/wp\/v2\/types\/product"}],"replies":[{"embeddable":true,"href":"https:\/\/justweirdo.com\/index.php?rest_route=%2Fwp%2Fv2%2Fcomments&post=2362"}],"version-history":[{"count":2,"href":"https:\/\/justweirdo.com\/index.php?rest_route=\/wp\/v2\/product\/2362\/revisions"}],"predecessor-version":[{"id":3779,"href":"https:\/\/justweirdo.com\/index.php?rest_route=\/wp\/v2\/product\/2362\/revisions\/3779"}],"wp:featuredmedia":[{"embeddable":true,"href":"https:\/\/justweirdo.com\/index.php?rest_route=\/wp\/v2\/media\/2370"}],"wp:attachment":[{"href":"https:\/\/justweirdo.com\/index.php?rest_route=%2Fwp%2Fv2%2Fmedia&parent=2362"}],"wp:term":[{"taxonomy":"product_brand","embeddable":true,"href":"https:\/\/justweirdo.com\/index.php?rest_route=%2Fwp%2Fv2%2Fproduct_brand&post=2362"},{"taxonomy":"product_cat","embeddable":true,"href":"https:\/\/justweirdo.com\/index.php?rest_route=%2Fwp%2Fv2%2Fproduct_cat&post=2362"},{"taxonomy":"product_tag","embeddable":true,"href":"https:\/\/justweirdo.com\/index.php?rest_route=%2Fwp%2Fv2%2Fproduct_tag&post=2362"}],"curies":[{"name":"wp","href":"https:\/\/api.w.org\/{rel}","templated":true}]}}