{"id":2331,"date":"2024-08-11T13:49:58","date_gmt":"2024-08-11T11:49:58","guid":{"rendered":"https:\/\/dev.justweirdo.com\/?post_type=product&#038;p=2331"},"modified":"2024-09-11T10:22:51","modified_gmt":"2024-09-11T08:22:51","slug":"gorra-clasica-2","status":"publish","type":"product","link":"https:\/\/justweirdo.com\/?product=gorra-clasica-2","title":{"rendered":"Gorra cl\u00e1sica"},"content":{"rendered":"<p>Gorra azul marino para los m\u00e1s cl\u00e1sicos de la calle<\/p>\n","protected":false},"excerpt":{"rendered":"<p>Gorra azul marino para los m\u00e1s cl\u00e1sicos de la calle<\/p>\n","protected":false},"featured_media":2072,"comment_status":"open","ping_status":"closed","template":"","meta":{"_acf_changed":false,"_joinchat":[]},"product_brand":[],"product_cat":[29,30],"product_tag":[],"class_list":{"0":"post-2331","1":"product","2":"type-product","3":"status-publish","4":"has-post-thumbnail","6":"product_cat-accesorios-mujer","7":"product_cat-gorras-y-gorros-accesorios-mujer","9":"first","10":"instock","11":"taxable","12":"shipping-taxable","13":"purchasable","14":"product-type-simple"},"acf":[],"_links":{"self":[{"href":"https:\/\/justweirdo.com\/index.php?rest_route=\/wp\/v2\/product\/2331","targetHints":{"allow":["GET"]}}],"collection":[{"href":"https:\/\/justweirdo.com\/index.php?rest_route=\/wp\/v2\/product"}],"about":[{"href":"https:\/\/justweirdo.com\/index.php?rest_route=\/wp\/v2\/types\/product"}],"replies":[{"embeddable":true,"href":"https:\/\/justweirdo.com\/index.php?rest_route=%2Fwp%2Fv2%2Fcomments&post=2331"}],"version-history":[{"count":2,"href":"https:\/\/justweirdo.com\/index.php?rest_route=\/wp\/v2\/product\/2331\/revisions"}],"predecessor-version":[{"id":2392,"href":"https:\/\/justweirdo.com\/index.php?rest_route=\/wp\/v2\/product\/2331\/revisions\/2392"}],"wp:featuredmedia":[{"embeddable":true,"href":"https:\/\/justweirdo.com\/index.php?rest_route=\/wp\/v2\/media\/2072"}],"wp:attachment":[{"href":"https:\/\/justweirdo.com\/index.php?rest_route=%2Fwp%2Fv2%2Fmedia&parent=2331"}],"wp:term":[{"taxonomy":"product_brand","embeddable":true,"href":"https:\/\/justweirdo.com\/index.php?rest_route=%2Fwp%2Fv2%2Fproduct_brand&post=2331"},{"taxonomy":"product_cat","embeddable":true,"href":"https:\/\/justweirdo.com\/index.php?rest_route=%2Fwp%2Fv2%2Fproduct_cat&post=2331"},{"taxonomy":"product_tag","embeddable":true,"href":"https:\/\/justweirdo.com\/index.php?rest_route=%2Fwp%2Fv2%2Fproduct_tag&post=2331"}],"curies":[{"name":"wp","href":"https:\/\/api.w.org\/{rel}","templated":true}]}}