{"id":2269,"date":"2024-08-10T23:32:56","date_gmt":"2024-08-10T21:32:56","guid":{"rendered":"https:\/\/dev.justweirdo.com\/?post_type=product&#038;p=2269"},"modified":"2024-10-21T23:01:21","modified_gmt":"2024-10-21T21:01:21","slug":"camiseta-blanca-copia","status":"publish","type":"product","link":"https:\/\/justweirdo.com\/?product=camiseta-blanca-copia","title":{"rendered":"Camiseta blanca (copia)"},"content":{"rendered":"<p>Hecha en algod\u00f3n 100% org\u00e1nico, hemos dise\u00f1ado esta camiseta para que atraigas la atenci\u00f3n de la fiesta.<\/p>\n<p>\u2022 Algod\u00f3n hilado en anillos 100% org\u00e1nico<br \/>\n\u2022 Peso del tejido: 180 g\/m\u00b2<br \/>\n\u2022 Ajuste medio<\/p>\n<p>No te olvides consultar la gu\u00eda de tallas antes de tu pedido.<\/p>\n","protected":false},"excerpt":{"rendered":"<p>Hecha en algod\u00f3n 100% org\u00e1nico, hemos dise\u00f1ado esta camiseta para que atraigas la atenci\u00f3n de la fiesta. \u2022 Algod\u00f3n hilado en anillos 100% org\u00e1nico \u2022 Peso del tejido: 180 g\/m\u00b2 \u2022 Ajuste medio No te olvides consultar la gu\u00eda de tallas antes de tu pedido.<\/p>\n","protected":false},"featured_media":1916,"comment_status":"open","ping_status":"closed","template":"","meta":{"_acf_changed":false,"_joinchat":[]},"product_brand":[],"product_cat":[17,16],"product_tag":[],"class_list":{"0":"post-2269","1":"product","2":"type-product","3":"status-publish","4":"has-post-thumbnail","6":"product_cat-camisetas","7":"product_cat-hombre","9":"first","10":"instock","11":"taxable","12":"shipping-taxable","13":"purchasable","14":"product-type-variable"},"acf":[],"_links":{"self":[{"href":"https:\/\/justweirdo.com\/index.php?rest_route=\/wp\/v2\/product\/2269","targetHints":{"allow":["GET"]}}],"collection":[{"href":"https:\/\/justweirdo.com\/index.php?rest_route=\/wp\/v2\/product"}],"about":[{"href":"https:\/\/justweirdo.com\/index.php?rest_route=\/wp\/v2\/types\/product"}],"replies":[{"embeddable":true,"href":"https:\/\/justweirdo.com\/index.php?rest_route=%2Fwp%2Fv2%2Fcomments&post=2269"}],"version-history":[{"count":2,"href":"https:\/\/justweirdo.com\/index.php?rest_route=\/wp\/v2\/product\/2269\/revisions"}],"predecessor-version":[{"id":3791,"href":"https:\/\/justweirdo.com\/index.php?rest_route=\/wp\/v2\/product\/2269\/revisions\/3791"}],"wp:featuredmedia":[{"embeddable":true,"href":"https:\/\/justweirdo.com\/index.php?rest_route=\/wp\/v2\/media\/1916"}],"wp:attachment":[{"href":"https:\/\/justweirdo.com\/index.php?rest_route=%2Fwp%2Fv2%2Fmedia&parent=2269"}],"wp:term":[{"taxonomy":"product_brand","embeddable":true,"href":"https:\/\/justweirdo.com\/index.php?rest_route=%2Fwp%2Fv2%2Fproduct_brand&post=2269"},{"taxonomy":"product_cat","embeddable":true,"href":"https:\/\/justweirdo.com\/index.php?rest_route=%2Fwp%2Fv2%2Fproduct_cat&post=2269"},{"taxonomy":"product_tag","embeddable":true,"href":"https:\/\/justweirdo.com\/index.php?rest_route=%2Fwp%2Fv2%2Fproduct_tag&post=2269"}],"curies":[{"name":"wp","href":"https:\/\/api.w.org\/{rel}","templated":true}]}}