{"id":2247,"date":"2024-08-09T21:14:23","date_gmt":"2024-08-09T19:14:23","guid":{"rendered":"https:\/\/dev.justweirdo.com\/?post_type=product&#038;p=2247"},"modified":"2025-04-03T22:14:20","modified_gmt":"2025-04-03T20:14:20","slug":"camiseta-chica-weirdo-negra","status":"publish","type":"product","link":"https:\/\/justweirdo.com\/?product=camiseta-chica-weirdo-negra","title":{"rendered":"Camiseta chica weirdo negra"},"content":{"rendered":"\r\n<h2><strong>Camiseta chica Weirdo | Color negro<\/strong><\/h2>\r\n<p>Nuestra<strong> camiseta chica weirdo negra <\/strong>\u00a0de manga corta, est\u00e1 confeccionada en 100% algod\u00f3n, de 180 gr. Posee un tejido de alta <strong>calidad<\/strong> que le confiere una textura suave y c\u00f3moda para su uso todo el d\u00eda. El dise\u00f1o se basa en un estampado <strong>unicolor<\/strong>, logo estampado blanco en la espalda. f<\/p>\r\n<p>Resumen, caracter\u00edsticas e informaci\u00f3n de inter\u00e9s sobre el producto:<\/p>\r\n<ul>\r\n<li>Material: 100% algod\u00f3n 180 gr.<\/li>\r\n<li>Estampado: Unicolor con logo estampado en la espalda y etiqueta con logo en manga izquierda<\/li>\r\n<li>Color: negro<\/li>\r\n<li>Manga: Corta<\/li>\r\n<li>Cuello: Redondo<\/li>\r\n<li>Modelo: chica<\/li>\r\n<li>Cuidados: Lavar a m\u00e1quina m\u00e1ximo a 40 grados. No utilizar secadora, lavado delicado.<\/li>\r\n<\/ul>\r\n<p>No te olvides consultar la gu\u00eda de tallas antes de tu pedido.<\/p>\r\n<p>Echa un ojo al resto de productos de nuestra <a href=\"https:\/\/justweirdo.com\/\"><strong>tienda<\/strong><\/a> en la que encontrar\u00e1s una amplia gama de colores y dise\u00f1os diferentes.\u00a0<\/p>\r\n<p>\u00a1\u00a1Env\u00edos a toda Espa\u00f1a!!<\/p>\r\n<p><span style=\"color: #003366;\"><strong>Weirdo, un estilo simple para un esp\u00edritu libre. Be Weirdo, be You !!<\/strong><\/span><\/p>\r\n","protected":false},"excerpt":{"rendered":"<p><strong>Camiseta unisex weirdo color negra<\/strong> de manga corta unisex, 100% algod\u00f3n. Logo estampado blanco en la espalda.<\/p>\n<p><strong>\u00bfTienes dudas con las tallas?<\/strong> Consulta aqu\u00ed nuestra gu\u00eda de <a href=\"https:\/\/justweirdo.com\/wp-content\/uploads\/2021\/08\/tallaje-talla-camiseta-estampada-comic-weirdo-justweirdo.png\" target=\"_blank\" rel=\"noopener\"><strong>tallaje<\/strong><\/a><\/p>\n","protected":false},"featured_media":2256,"comment_status":"open","ping_status":"closed","template":"","meta":{"_acf_changed":false,"_joinchat":[]},"product_brand":[],"product_cat":[27,97,26,41],"product_tag":[],"class_list":{"0":"post-2247","1":"product","2":"type-product","3":"status-publish","4":"has-post-thumbnail","6":"product_cat-camisetas-mujer","7":"product_cat-camisetas-rebajas","8":"product_cat-mujer","9":"product_cat-rebajas","11":"first","12":"instock","13":"taxable","14":"shipping-taxable","15":"purchasable","16":"product-type-variable","17":"has-default-attributes"},"acf":[],"_links":{"self":[{"href":"https:\/\/justweirdo.com\/index.php?rest_route=\/wp\/v2\/product\/2247","targetHints":{"allow":["GET"]}}],"collection":[{"href":"https:\/\/justweirdo.com\/index.php?rest_route=\/wp\/v2\/product"}],"about":[{"href":"https:\/\/justweirdo.com\/index.php?rest_route=\/wp\/v2\/types\/product"}],"replies":[{"embeddable":true,"href":"https:\/\/justweirdo.com\/index.php?rest_route=%2Fwp%2Fv2%2Fcomments&post=2247"}],"version-history":[{"count":2,"href":"https:\/\/justweirdo.com\/index.php?rest_route=\/wp\/v2\/product\/2247\/revisions"}],"predecessor-version":[{"id":3684,"href":"https:\/\/justweirdo.com\/index.php?rest_route=\/wp\/v2\/product\/2247\/revisions\/3684"}],"wp:featuredmedia":[{"embeddable":true,"href":"https:\/\/justweirdo.com\/index.php?rest_route=\/wp\/v2\/media\/2256"}],"wp:attachment":[{"href":"https:\/\/justweirdo.com\/index.php?rest_route=%2Fwp%2Fv2%2Fmedia&parent=2247"}],"wp:term":[{"taxonomy":"product_brand","embeddable":true,"href":"https:\/\/justweirdo.com\/index.php?rest_route=%2Fwp%2Fv2%2Fproduct_brand&post=2247"},{"taxonomy":"product_cat","embeddable":true,"href":"https:\/\/justweirdo.com\/index.php?rest_route=%2Fwp%2Fv2%2Fproduct_cat&post=2247"},{"taxonomy":"product_tag","embeddable":true,"href":"https:\/\/justweirdo.com\/index.php?rest_route=%2Fwp%2Fv2%2Fproduct_tag&post=2247"}],"curies":[{"name":"wp","href":"https:\/\/api.w.org\/{rel}","templated":true}]}}