{"id":2174,"date":"2024-08-09T08:34:15","date_gmt":"2024-08-09T06:34:15","guid":{"rendered":"https:\/\/dev.justweirdo.com\/?post_type=product&#038;p=2174"},"modified":"2025-04-03T22:21:36","modified_gmt":"2025-04-03T20:21:36","slug":"camiseta-hombre-weirdo-azul-copia-2","status":"publish","type":"product","link":"https:\/\/justweirdo.com\/?product=camiseta-hombre-weirdo-azul-copia-2","title":{"rendered":"Camiseta mujer weirdo azul"},"content":{"rendered":"\r\n<p><strong>Camiseta de chica con logo Weirdo | Color azul<\/strong><\/p>\r\n\r\n\r\n\r\n<p><strong>Camiseta de chica con logo weirdo color azul<\/strong>\u00a0de manga corta, est\u00e1 confeccionada en 100% algod\u00f3n, de 170 gr. Posee un tejido de alta\u00a0<strong>calidad<\/strong>\u00a0que le confiere una textura suave y c\u00f3moda para su uso todo el d\u00eda. El dise\u00f1o se basa en un estampado\u00a0<strong>unicolor<\/strong>, logo estampado en la parte delantera.<\/p>\r\n\r\n\r\n\r\n<p>Resumen, caracter\u00edsticas e informaci\u00f3n de inter\u00e9s sobre el producto:<\/p>\r\n\r\n\r\n\r\n<ul class=\"wp-block-list\">\r\n<li>Material: 100% algod\u00f3n 180 gr.<\/li>\r\n\r\n\r\n\r\n<li>Estampado: Unicolor con logo estampado en la parte delantera y etiqueta con logo en manga izquierda<\/li>\r\n\r\n\r\n\r\n<li>Color: Azul<\/li>\r\n\r\n\r\n\r\n\r\n\r\n<li>Cuello: Redondo<\/li>\r\n\r\n\r\n\r\n<li>Modelo: Chica<\/li>\r\n\r\n\r\n\r\n<li>Cuidados: Lavar a m\u00e1quina m\u00e1ximo a 40 grados. No utilizar secadora, lavado delicado.<\/li>\r\n<\/ul>\r\n<p>No te olvides consultar la gu\u00eda de tallas antes de tu pedido.<\/p>\r\n<p>Echa un ojo al resto de productos de nuestra\u00a0<a href=\"https:\/\/justweirdo.com\/\"><strong>tienda<\/strong><\/a> en la que encontrar\u00e1s una amplia gama de colores y dise\u00f1os diferentes.\u00a0<\/p>\r\n\r\n\r\n\r\n\r\n\r\n\r\n\r\n\r\n\r\n\r\n\r\n\r\n\r\n<p>\u00a1\u00a1Env\u00edos a toda Espa\u00f1a!!<\/p>\r\n\r\n\r\n\r\n<p><strong>Weirdo, un estilo simple para un esp\u00edritu libre. Be Weirdo, be You !!<\/strong><\/p>\r\n","protected":false},"excerpt":{"rendered":"<p><strong>Camiseta de chica con logo weirdo color azul<\/strong> de manga corta unisex, 100% algod\u00f3n. Logo estampado en la parte delantera.<br \/><strong>\u00bfTienes dudas con las tallas?<\/strong>\u00a0Consulta aqu\u00ed nuestra gu\u00eda de\u00a0<a href=\"https:\/\/justweirdo.com\/wp-content\/uploads\/2021\/08\/tallaje-talla-camiseta-estampada-comic-weirdo-justweirdo.png\" target=\"_blank\" rel=\"noreferrer noopener\"><strong>tallaje<\/strong><\/a><\/p>\n","protected":false},"featured_media":2182,"comment_status":"open","ping_status":"closed","template":"","meta":{"_acf_changed":false,"_joinchat":[]},"product_brand":[],"product_cat":[97,27,26,41],"product_tag":[],"class_list":{"0":"post-2174","1":"product","2":"type-product","3":"status-publish","4":"has-post-thumbnail","6":"product_cat-camisetas-rebajas","7":"product_cat-camisetas-mujer","8":"product_cat-mujer","9":"product_cat-rebajas","11":"first","12":"instock","13":"taxable","14":"shipping-taxable","15":"purchasable","16":"product-type-variable","17":"has-default-attributes"},"acf":[],"_links":{"self":[{"href":"https:\/\/justweirdo.com\/index.php?rest_route=\/wp\/v2\/product\/2174","targetHints":{"allow":["GET"]}}],"collection":[{"href":"https:\/\/justweirdo.com\/index.php?rest_route=\/wp\/v2\/product"}],"about":[{"href":"https:\/\/justweirdo.com\/index.php?rest_route=\/wp\/v2\/types\/product"}],"replies":[{"embeddable":true,"href":"https:\/\/justweirdo.com\/index.php?rest_route=%2Fwp%2Fv2%2Fcomments&post=2174"}],"version-history":[{"count":4,"href":"https:\/\/justweirdo.com\/index.php?rest_route=\/wp\/v2\/product\/2174\/revisions"}],"predecessor-version":[{"id":3688,"href":"https:\/\/justweirdo.com\/index.php?rest_route=\/wp\/v2\/product\/2174\/revisions\/3688"}],"wp:featuredmedia":[{"embeddable":true,"href":"https:\/\/justweirdo.com\/index.php?rest_route=\/wp\/v2\/media\/2182"}],"wp:attachment":[{"href":"https:\/\/justweirdo.com\/index.php?rest_route=%2Fwp%2Fv2%2Fmedia&parent=2174"}],"wp:term":[{"taxonomy":"product_brand","embeddable":true,"href":"https:\/\/justweirdo.com\/index.php?rest_route=%2Fwp%2Fv2%2Fproduct_brand&post=2174"},{"taxonomy":"product_cat","embeddable":true,"href":"https:\/\/justweirdo.com\/index.php?rest_route=%2Fwp%2Fv2%2Fproduct_cat&post=2174"},{"taxonomy":"product_tag","embeddable":true,"href":"https:\/\/justweirdo.com\/index.php?rest_route=%2Fwp%2Fv2%2Fproduct_tag&post=2174"}],"curies":[{"name":"wp","href":"https:\/\/api.w.org\/{rel}","templated":true}]}}