{"id":1864,"date":"2024-08-06T21:43:30","date_gmt":"2024-08-06T19:43:30","guid":{"rendered":"https:\/\/dev.justweirdo.com\/producto\/camiseta-negra-de-algodon-organico\/"},"modified":"2024-09-11T10:22:55","modified_gmt":"2024-09-11T08:22:55","slug":"camiseta-negra-de-algodon-organico","status":"publish","type":"product","link":"https:\/\/justweirdo.com\/?product=camiseta-negra-de-algodon-organico","title":{"rendered":"Camiseta negra de algod\u00f3n org\u00e1nico"},"content":{"rendered":"<p>Confeccionada en algod\u00f3n 100% org\u00e1nico, esta camiseta est\u00e1 dise\u00f1ada para que vistas con la m\u00e1xima comodidad.<\/p>\n<p>\u2022 Algod\u00f3n hilado en anillos 100% org\u00e1nico<br \/>\n\u2022 Peso del tejido: 180 g\/m\u00b2 <br \/>\n\u2022 Ajuste medio<\/p>\n<p>No te olvides consultar la gu\u00eda de tallas antes de tu pedido<\/p>\n","protected":false},"excerpt":{"rendered":"<p>Confeccionada en algod\u00f3n 100% org\u00e1nico, esta camiseta est\u00e1 dise\u00f1ada para que vistas con la m\u00e1xima comodidad. \u2022 Algod\u00f3n hilado en anillos 100% org\u00e1nico \u2022 Peso del tejido: 180 g\/m\u00b2 \u2022 Ajuste medio No te olvides consultar la gu\u00eda de tallas antes de tu pedido<\/p>\n","protected":false},"featured_media":1874,"comment_status":"open","ping_status":"closed","template":"","meta":{"_acf_changed":false,"_joinchat":[]},"product_brand":[],"product_cat":[16],"product_tag":[],"class_list":{"0":"post-1864","1":"product","2":"type-product","3":"status-publish","4":"has-post-thumbnail","6":"product_cat-hombre","8":"first","9":"instock","10":"taxable","11":"shipping-taxable","12":"purchasable","13":"product-type-variable"},"acf":[],"_links":{"self":[{"href":"https:\/\/justweirdo.com\/index.php?rest_route=\/wp\/v2\/product\/1864","targetHints":{"allow":["GET"]}}],"collection":[{"href":"https:\/\/justweirdo.com\/index.php?rest_route=\/wp\/v2\/product"}],"about":[{"href":"https:\/\/justweirdo.com\/index.php?rest_route=\/wp\/v2\/types\/product"}],"replies":[{"embeddable":true,"href":"https:\/\/justweirdo.com\/index.php?rest_route=%2Fwp%2Fv2%2Fcomments&post=1864"}],"version-history":[{"count":1,"href":"https:\/\/justweirdo.com\/index.php?rest_route=\/wp\/v2\/product\/1864\/revisions"}],"predecessor-version":[{"id":1881,"href":"https:\/\/justweirdo.com\/index.php?rest_route=\/wp\/v2\/product\/1864\/revisions\/1881"}],"wp:featuredmedia":[{"embeddable":true,"href":"https:\/\/justweirdo.com\/index.php?rest_route=\/wp\/v2\/media\/1874"}],"wp:attachment":[{"href":"https:\/\/justweirdo.com\/index.php?rest_route=%2Fwp%2Fv2%2Fmedia&parent=1864"}],"wp:term":[{"taxonomy":"product_brand","embeddable":true,"href":"https:\/\/justweirdo.com\/index.php?rest_route=%2Fwp%2Fv2%2Fproduct_brand&post=1864"},{"taxonomy":"product_cat","embeddable":true,"href":"https:\/\/justweirdo.com\/index.php?rest_route=%2Fwp%2Fv2%2Fproduct_cat&post=1864"},{"taxonomy":"product_tag","embeddable":true,"href":"https:\/\/justweirdo.com\/index.php?rest_route=%2Fwp%2Fv2%2Fproduct_tag&post=1864"}],"curies":[{"name":"wp","href":"https:\/\/api.w.org\/{rel}","templated":true}]}}