{"id":1690,"date":"2024-10-06T00:01:47","date_gmt":"2024-10-05T22:01:47","guid":{"rendered":"https:\/\/dev.justweirdo.com\/shop\/camiseta-de-algodon-organico-lavander\/"},"modified":"2025-06-29T17:54:38","modified_gmt":"2025-06-29T15:54:38","slug":"camiseta-goyo-jimenez-algodon-organico-unisex","status":"publish","type":"product","link":"https:\/\/justweirdo.com\/?product=camiseta-goyo-jimenez-algodon-organico-unisex","title":{"rendered":"Camiseta morada algod\u00f3n org\u00e1nico"},"content":{"rendered":"<p>Camiseta de algod\u00f3n org\u00e1nico unisex confeccionada con algod\u00f3n hilado en anillos 100% org\u00e1nico, esta camiseta unisex es una prenda indispensable. Es de alta calidad, superc\u00f3moda y, lo mejor de todo, respetuosa con el medio ambiente.<\/p>\n<ul>\n<li>Algod\u00f3n hilado en anillos 100% org\u00e1nico<\/li>\n<li>Peso del tejido: 180 g\/m\u00b2<\/li>\n<li>Ajuste medio<\/li>\n<\/ul>\n<p>\u00bfTe ha gustado nuestra camiseta de algod\u00f3n org\u00e1nico unisex? !A qu\u00e9 esperas!<\/p>\n<p>Recomendamos consultar la gu\u00eda de tallas antes de tu compra<\/p>\n","protected":false},"excerpt":{"rendered":"<p><strong>Camiseta<\/strong> con algod\u00f3n hilado en anillos 100% org\u00e1nico. Ajuste medio, mangas montadas, acanalado 1\u00d71 en el cuello, pespuntes dobles anchos en mangas y dobladillos inferiores.<\/p>\n","protected":false},"featured_media":3823,"comment_status":"open","ping_status":"closed","template":"","meta":{"_acf_changed":false,"_joinchat":[]},"product_brand":[],"product_cat":[17,16],"product_tag":[],"class_list":{"0":"post-1690","1":"product","2":"type-product","3":"status-publish","4":"has-post-thumbnail","6":"product_cat-camisetas","7":"product_cat-hombre","9":"first","10":"instock","11":"taxable","12":"shipping-taxable","13":"purchasable","14":"product-type-variable"},"acf":[],"_links":{"self":[{"href":"https:\/\/justweirdo.com\/index.php?rest_route=\/wp\/v2\/product\/1690","targetHints":{"allow":["GET"]}}],"collection":[{"href":"https:\/\/justweirdo.com\/index.php?rest_route=\/wp\/v2\/product"}],"about":[{"href":"https:\/\/justweirdo.com\/index.php?rest_route=\/wp\/v2\/types\/product"}],"replies":[{"embeddable":true,"href":"https:\/\/justweirdo.com\/index.php?rest_route=%2Fwp%2Fv2%2Fcomments&post=1690"}],"version-history":[{"count":7,"href":"https:\/\/justweirdo.com\/index.php?rest_route=\/wp\/v2\/product\/1690\/revisions"}],"predecessor-version":[{"id":3822,"href":"https:\/\/justweirdo.com\/index.php?rest_route=\/wp\/v2\/product\/1690\/revisions\/3822"}],"wp:featuredmedia":[{"embeddable":true,"href":"https:\/\/justweirdo.com\/index.php?rest_route=\/wp\/v2\/media\/3823"}],"wp:attachment":[{"href":"https:\/\/justweirdo.com\/index.php?rest_route=%2Fwp%2Fv2%2Fmedia&parent=1690"}],"wp:term":[{"taxonomy":"product_brand","embeddable":true,"href":"https:\/\/justweirdo.com\/index.php?rest_route=%2Fwp%2Fv2%2Fproduct_brand&post=1690"},{"taxonomy":"product_cat","embeddable":true,"href":"https:\/\/justweirdo.com\/index.php?rest_route=%2Fwp%2Fv2%2Fproduct_cat&post=1690"},{"taxonomy":"product_tag","embeddable":true,"href":"https:\/\/justweirdo.com\/index.php?rest_route=%2Fwp%2Fv2%2Fproduct_tag&post=1690"}],"curies":[{"name":"wp","href":"https:\/\/api.w.org\/{rel}","templated":true}]}}