{"id":14,"date":"2024-09-03T09:34:46","date_gmt":"2024-09-03T07:34:46","guid":{"rendered":"https:\/\/dev.justweirdo.com\/?page_id=14"},"modified":"2024-09-03T11:34:32","modified_gmt":"2024-09-03T09:34:32","slug":"condiones-generales-y-aviso-legal","status":"publish","type":"page","link":"https:\/\/justweirdo.com\/?page_id=14","title":{"rendered":"Condiciones generales y aviso legal"},"content":{"rendered":"\t\t<div data-elementor-type=\"wp-page\" data-elementor-id=\"14\" class=\"elementor elementor-14\" data-elementor-post-type=\"page\">\n\t\t\t\t<div class=\"elementor-element elementor-element-4c16351f e-flex e-con-boxed e-con e-parent\" data-id=\"4c16351f\" data-element_type=\"container\">\n\t\t\t\t\t<div class=\"e-con-inner\">\n\t\t\t\t<div class=\"elementor-element elementor-element-0feb0fa elementor-widget elementor-widget-spacer\" data-id=\"0feb0fa\" data-element_type=\"widget\" data-widget_type=\"spacer.default\">\n\t\t\t\t<div class=\"elementor-widget-container\">\n\t\t\t\t\t\t\t<div class=\"elementor-spacer\">\n\t\t\t<div class=\"elementor-spacer-inner\"><\/div>\n\t\t<\/div>\n\t\t\t\t\t\t<\/div>\n\t\t\t\t<\/div>\n\t\t\t\t<div class=\"elementor-element elementor-element-f70e17a elementor-widget elementor-widget-heading\" data-id=\"f70e17a\" data-element_type=\"widget\" data-widget_type=\"heading.default\">\n\t\t\t\t<div class=\"elementor-widget-container\">\n\t\t\t\t\t<h2 class=\"elementor-heading-title elementor-size-default\">Condiciones generales de compra y aviso legal<\/h2>\t\t\t\t<\/div>\n\t\t\t\t<\/div>\n\t\t\t\t<div class=\"elementor-element elementor-element-38cbd15 elementor-widget elementor-widget-n-accordion\" data-id=\"38cbd15\" data-element_type=\"widget\" data-settings=\"{&quot;default_state&quot;:&quot;expanded&quot;,&quot;max_items_expended&quot;:&quot;one&quot;,&quot;n_accordion_animation_duration&quot;:{&quot;unit&quot;:&quot;ms&quot;,&quot;size&quot;:400,&quot;sizes&quot;:[]}}\" data-widget_type=\"nested-accordion.default\">\n\t\t\t\t<div class=\"elementor-widget-container\">\n\t\t\t\t\t\t\t<div class=\"e-n-accordion\" aria-label=\"Accordion. Open links with Enter or Space, close with Escape, and navigate with Arrow Keys\">\n\t\t\t\t\t\t<details id=\"e-n-accordion-item-5950\" class=\"e-n-accordion-item\" open>\n\t\t\t\t<summary class=\"e-n-accordion-item-title\" data-accordion-index=\"1\" tabindex=\"0\" aria-expanded=\"true\" aria-controls=\"e-n-accordion-item-5950\" >\n\t\t\t\t\t<span class='e-n-accordion-item-title-header'><div class=\"e-n-accordion-item-title-text\"> Aviso legal <\/div><\/span>\n\t\t\t\t\t\t\t<span class='e-n-accordion-item-title-icon'>\n\t\t\t<span class='e-opened' ><svg aria-hidden=\"true\" class=\"e-font-icon-svg e-fas-minus\" viewBox=\"0 0 448 512\" xmlns=\"http:\/\/www.w3.org\/2000\/svg\"><path d=\"M416 208H32c-17.67 0-32 14.33-32 32v32c0 17.67 14.33 32 32 32h384c17.67 0 32-14.33 32-32v-32c0-17.67-14.33-32-32-32z\"><\/path><\/svg><\/span>\n\t\t\t<span class='e-closed'><svg aria-hidden=\"true\" class=\"e-font-icon-svg e-fas-plus\" viewBox=\"0 0 448 512\" xmlns=\"http:\/\/www.w3.org\/2000\/svg\"><path d=\"M416 208H272V64c0-17.67-14.33-32-32-32h-32c-17.67 0-32 14.33-32 32v144H32c-17.67 0-32 14.33-32 32v32c0 17.67 14.33 32 32 32h144v144c0 17.67 14.33 32 32 32h32c17.67 0 32-14.33 32-32V304h144c17.67 0 32-14.33 32-32v-32c0-17.67-14.33-32-32-32z\"><\/path><\/svg><\/span>\n\t\t<\/span>\n\n\t\t\t\t\t\t<\/summary>\n\t\t\t\t<div role=\"region\" aria-labelledby=\"e-n-accordion-item-5950\" class=\"elementor-element elementor-element-b07e8f3 e-con-full e-flex e-con e-child\" data-id=\"b07e8f3\" data-element_type=\"container\">\n\t\t\t\t<div class=\"elementor-element elementor-element-cb40847 elementor-widget elementor-widget-text-editor\" data-id=\"cb40847\" data-element_type=\"widget\" data-widget_type=\"text-editor.default\">\n\t\t\t\t<div class=\"elementor-widget-container\">\n\t\t\t\t\t\t\t\t\t<p>Antes de utilizar este sitio web de JUSTWEIRDO.COM te pedimos que leas detenidamente las siguientes condiciones que rigen el uso y acceso al mismo.<\/p>\n<p>S\u00f3lo podr\u00e1s utilizar el sitio web si te comprometes a aceptar estas condiciones de uso y no deber\u00e1s utilizarlo ni acceder al mismo si no aceptas estas condiciones en su totalidad.<\/p>\n<p>Por el hecho de utilizar o acceder al sitio web, te comprometes a obligarte por estas condiciones de uso. En virtud de las obligaciones establecidas por la Ley 34\/2002, de Servicios de la Sociedad de la Informaci\u00f3n y de Comercio Electr\u00f3nico, te informamos que el presente sitio web es propiedad de JUSTWEIRDO.COM, con correo electr\u00f3nico info@justweirdo.com.<\/p>\n<p>Todo el contenido mostrado en este espacio web, de cualquier tipo, ya sea documentaci\u00f3n escrita, v\u00eddeos, material visual, descargable o no, est\u00e1 sujeta a derechos de autor y propiedad intelectual, de los cuales JUSTWEIRDO.COM es titular. En ning\u00fan caso se transmitir\u00e1n o ceder\u00e1n dichos derechos sin consentimiento previo, expl\u00edcito y por escrito.<\/p>\t\t\t\t\t\t\t\t<\/div>\n\t\t\t\t<\/div>\n\t\t\t\t<\/div>\n\t\t\t\t\t<\/details>\n\t\t\t\t\t\t<details id=\"e-n-accordion-item-5951\" class=\"e-n-accordion-item\" >\n\t\t\t\t<summary class=\"e-n-accordion-item-title\" data-accordion-index=\"2\" tabindex=\"-1\" aria-expanded=\"false\" aria-controls=\"e-n-accordion-item-5951\" >\n\t\t\t\t\t<span class='e-n-accordion-item-title-header'><div class=\"e-n-accordion-item-title-text\"> Condiciones de compra <\/div><\/span>\n\t\t\t\t\t\t\t<span class='e-n-accordion-item-title-icon'>\n\t\t\t<span class='e-opened' ><svg aria-hidden=\"true\" class=\"e-font-icon-svg e-fas-minus\" viewBox=\"0 0 448 512\" xmlns=\"http:\/\/www.w3.org\/2000\/svg\"><path d=\"M416 208H32c-17.67 0-32 14.33-32 32v32c0 17.67 14.33 32 32 32h384c17.67 0 32-14.33 32-32v-32c0-17.67-14.33-32-32-32z\"><\/path><\/svg><\/span>\n\t\t\t<span class='e-closed'><svg aria-hidden=\"true\" class=\"e-font-icon-svg e-fas-plus\" viewBox=\"0 0 448 512\" xmlns=\"http:\/\/www.w3.org\/2000\/svg\"><path d=\"M416 208H272V64c0-17.67-14.33-32-32-32h-32c-17.67 0-32 14.33-32 32v144H32c-17.67 0-32 14.33-32 32v32c0 17.67 14.33 32 32 32h144v144c0 17.67 14.33 32 32 32h32c17.67 0 32-14.33 32-32V304h144c17.67 0 32-14.33 32-32v-32c0-17.67-14.33-32-32-32z\"><\/path><\/svg><\/span>\n\t\t<\/span>\n\n\t\t\t\t\t\t<\/summary>\n\t\t\t\t<div role=\"region\" aria-labelledby=\"e-n-accordion-item-5951\" class=\"elementor-element elementor-element-edeeadf e-con-full e-flex e-con e-child\" data-id=\"edeeadf\" data-element_type=\"container\">\n\t\t\t\t<div class=\"elementor-element elementor-element-597f34c elementor-widget elementor-widget-text-editor\" data-id=\"597f34c\" data-element_type=\"widget\" data-widget_type=\"text-editor.default\">\n\t\t\t\t<div class=\"elementor-widget-container\">\n\t\t\t\t\t\t\t\t\t<p>El acceso a JUSTWEIRDO.COM y su uso, as\u00ed como la compra de productos, implica la lectura, el conocimiento y la aceptaci\u00f3n de estas Condiciones Generales de Venta<\/p>\n<p>Los productos adquiridos en JUSTWEIRDO.COM son vendidos directamente por JUSTWEIRDO.<\/p>\n<p>Las compras a trav\u00e9s de www.justweirdo.com est\u00e1n destinadas exclusivamente a particulares.<\/p>\n<p>Puedes realizar tus compras a trav\u00e9s de nuestra tienda online o haci\u00e9ndonos llegar tu pedido mediante correo electr\u00f3nico a info@justweirdo.com<\/p>\n<p>Una vez realizado el pedido, el Cliente recibir\u00e1 por correo electr\u00f3nico una confirmaci\u00f3n que el pedido ha sido realizado, detallando los productos adquiridos y sus precios, los gastos de env\u00edo, la forma de pago, la direcci\u00f3n de env\u00edo y los dem\u00e1s datos contractuales de la transacci\u00f3n. Dicha confirmaci\u00f3n no tiene validez como factura, s\u00f3lo como comprobante de compra.<\/p>\t\t\t\t\t\t\t\t<\/div>\n\t\t\t\t<\/div>\n\t\t\t\t<\/div>\n\t\t\t\t\t<\/details>\n\t\t\t\t\t\t<details id=\"e-n-accordion-item-5952\" class=\"e-n-accordion-item\" >\n\t\t\t\t<summary class=\"e-n-accordion-item-title\" data-accordion-index=\"3\" tabindex=\"-1\" aria-expanded=\"false\" aria-controls=\"e-n-accordion-item-5952\" >\n\t\t\t\t\t<span class='e-n-accordion-item-title-header'><div class=\"e-n-accordion-item-title-text\"> Pagos y medios de pago <\/div><\/span>\n\t\t\t\t\t\t\t<span class='e-n-accordion-item-title-icon'>\n\t\t\t<span class='e-opened' ><svg aria-hidden=\"true\" class=\"e-font-icon-svg e-fas-minus\" viewBox=\"0 0 448 512\" xmlns=\"http:\/\/www.w3.org\/2000\/svg\"><path d=\"M416 208H32c-17.67 0-32 14.33-32 32v32c0 17.67 14.33 32 32 32h384c17.67 0 32-14.33 32-32v-32c0-17.67-14.33-32-32-32z\"><\/path><\/svg><\/span>\n\t\t\t<span class='e-closed'><svg aria-hidden=\"true\" class=\"e-font-icon-svg e-fas-plus\" viewBox=\"0 0 448 512\" xmlns=\"http:\/\/www.w3.org\/2000\/svg\"><path d=\"M416 208H272V64c0-17.67-14.33-32-32-32h-32c-17.67 0-32 14.33-32 32v144H32c-17.67 0-32 14.33-32 32v32c0 17.67 14.33 32 32 32h144v144c0 17.67 14.33 32 32 32h32c17.67 0 32-14.33 32-32V304h144c17.67 0 32-14.33 32-32v-32c0-17.67-14.33-32-32-32z\"><\/path><\/svg><\/span>\n\t\t<\/span>\n\n\t\t\t\t\t\t<\/summary>\n\t\t\t\t<div role=\"region\" aria-labelledby=\"e-n-accordion-item-5952\" class=\"elementor-element elementor-element-db29424 e-con-full e-flex e-con e-child\" data-id=\"db29424\" data-element_type=\"container\">\n\t\t\t\t<div class=\"elementor-element elementor-element-c77f098 elementor-widget elementor-widget-text-editor\" data-id=\"c77f098\" data-element_type=\"widget\" data-widget_type=\"text-editor.default\">\n\t\t\t\t<div class=\"elementor-widget-container\">\n\t\t\t\t\t\t\t\t\t<p>Para la m\u00e1xima seguridad en el pago, puedes pagar con Tarjeta de cr\u00e9dito (VISA, VISA ELECTRON, MASTERCARD) o a trav\u00e9s de Paypal o transferencia bancaria.<\/p>\n<p>Si quieres realizar el pago de tus compras mediante transferencia bancar\u00eda s\u00f3lo tienes que enviar un correo electr\u00f3nico a info@justweirdo.com. El pedido ser\u00e1 enviado cuando se reciba por parte del comprador, el justificante bancario de haber realizado dicha transferencia.<\/p>\n<p>En caso de que el usuario efect\u00fae el pago mediante tarjeta de cr\u00e9dito, los datos bancarios ser\u00e1n transmitidos mediante STRIPE ofreciendo la mayor garant\u00eda de seguridad, sin que tercero alguno pueda en ning\u00fan caso tener acceso a los datos. Tales datos no ser\u00e1n utilizados jam\u00e1s por JUSTWEIRDO m\u00e1s que a fin de completar los procedimientos relativos a la compra, para emitir los correspondientes reembolsos en caso de eventuales devoluciones y para prevenir e informar a las fuerzas de polic\u00eda en caso de que se cometiese alg\u00fan fraude en JUSTWEIRDO.COM por parte del comprador.<\/p>\t\t\t\t\t\t\t\t<\/div>\n\t\t\t\t<\/div>\n\t\t\t\t<\/div>\n\t\t\t\t\t<\/details>\n\t\t\t\t\t\t<details id=\"e-n-accordion-item-5953\" class=\"e-n-accordion-item\" >\n\t\t\t\t<summary class=\"e-n-accordion-item-title\" data-accordion-index=\"4\" tabindex=\"-1\" aria-expanded=\"false\" aria-controls=\"e-n-accordion-item-5953\" >\n\t\t\t\t\t<span class='e-n-accordion-item-title-header'><div class=\"e-n-accordion-item-title-text\"> Entrega y env\u00edo de art\u00edculos <\/div><\/span>\n\t\t\t\t\t\t\t<span class='e-n-accordion-item-title-icon'>\n\t\t\t<span class='e-opened' ><svg aria-hidden=\"true\" class=\"e-font-icon-svg e-fas-minus\" viewBox=\"0 0 448 512\" xmlns=\"http:\/\/www.w3.org\/2000\/svg\"><path d=\"M416 208H32c-17.67 0-32 14.33-32 32v32c0 17.67 14.33 32 32 32h384c17.67 0 32-14.33 32-32v-32c0-17.67-14.33-32-32-32z\"><\/path><\/svg><\/span>\n\t\t\t<span class='e-closed'><svg aria-hidden=\"true\" class=\"e-font-icon-svg e-fas-plus\" viewBox=\"0 0 448 512\" xmlns=\"http:\/\/www.w3.org\/2000\/svg\"><path d=\"M416 208H272V64c0-17.67-14.33-32-32-32h-32c-17.67 0-32 14.33-32 32v144H32c-17.67 0-32 14.33-32 32v32c0 17.67 14.33 32 32 32h144v144c0 17.67 14.33 32 32 32h32c17.67 0 32-14.33 32-32V304h144c17.67 0 32-14.33 32-32v-32c0-17.67-14.33-32-32-32z\"><\/path><\/svg><\/span>\n\t\t<\/span>\n\n\t\t\t\t\t\t<\/summary>\n\t\t\t\t<div role=\"region\" aria-labelledby=\"e-n-accordion-item-5953\" class=\"elementor-element elementor-element-eac783e e-con-full e-flex e-con e-child\" data-id=\"eac783e\" data-element_type=\"container\">\n\t\t\t\t<div class=\"elementor-element elementor-element-924b9a1 elementor-widget elementor-widget-text-editor\" data-id=\"924b9a1\" data-element_type=\"widget\" data-widget_type=\"text-editor.default\">\n\t\t\t\t<div class=\"elementor-widget-container\">\n\t\t\t\t\t\t\t\t\t<p>Los gastos de env\u00edo ser\u00e1n gratuitos para todo el territorio peninsular, para compras superiores a 50 \u20ac.<\/p>\n<p>Los env\u00edos de los art\u00edculos se realizar\u00e1n a trav\u00e9s de la empresa de mensajer\u00eda seleccionada por JUSTWEIRDO, una vez verificado el pago.<\/p>\n<p>Los gastos de env\u00edo han sido establecidos seg\u00fan el coste actual de env\u00edos de paquetes a territorio nacional.<\/p>\n<p>Para env\u00edos fuera de Espa\u00f1a o Canarias, el coste est\u00e1 sujeto a ofertas de las compa\u00f1\u00edas de env\u00edo; ponte en contacto con nosotros en info@justweirdo.com para concretar la mejor forma de hacerte llegar el paquete.<\/p>\n<p>Los art\u00edculos se enviar\u00e1n a la direcci\u00f3n de entrega que el Cliente nos haya indicado en el momento de la realizaci\u00f3n del pedido.<\/p>\n<p>El plazo m\u00e1ximo fijado para las entregas es de treinta (30) d\u00edas, establecido por defecto en la Ley. No obstante, el plazo habitual de m\u00e1ximo de entrega es de 5 d\u00edas laborables. Estos plazos son medios y, por tanto una estimaci\u00f3n. Por ello, es posible que var\u00eden por razones log\u00edsticas o de fuerza mayor. En casos de retrasos en las entregas, JUSTWEIRDO informar\u00e1 a sus clientes en cuanto tenga conocimiento de ello.<\/p>\n<p>En el caso de retrasos en la entrega de los pedidos, el usuario podr\u00e1 anular su pedido de acuerdo con el procedimiento descrito en el apartado Devoluciones, como si de un pedido defectuoso se tratase, sin asumir los costes de env\u00edo y de devoluci\u00f3n. No se considerar\u00e1n retrasos en la entrega aquellos casos en los que el pedido haya sido puesto a disposici\u00f3n del usuario por parte de la compa\u00f1\u00eda de transporte dentro del plazo acordado y no haya podido ser entregado por causas imputables al usuario.<\/p>\n<p>El equipo JUSTWEIRDO garantiza que en el empaquetado de sus productos se realiza bajo las m\u00e1s estrictas medidas de seguridad e higiene.<\/p>\t\t\t\t\t\t\t\t<\/div>\n\t\t\t\t<\/div>\n\t\t\t\t<\/div>\n\t\t\t\t\t<\/details>\n\t\t\t\t\t\t<details id=\"e-n-accordion-item-5954\" class=\"e-n-accordion-item\" >\n\t\t\t\t<summary class=\"e-n-accordion-item-title\" data-accordion-index=\"5\" tabindex=\"-1\" aria-expanded=\"false\" aria-controls=\"e-n-accordion-item-5954\" >\n\t\t\t\t\t<span class='e-n-accordion-item-title-header'><div class=\"e-n-accordion-item-title-text\"> Cambios y devoluciones <\/div><\/span>\n\t\t\t\t\t\t\t<span class='e-n-accordion-item-title-icon'>\n\t\t\t<span class='e-opened' ><svg aria-hidden=\"true\" class=\"e-font-icon-svg e-fas-minus\" viewBox=\"0 0 448 512\" xmlns=\"http:\/\/www.w3.org\/2000\/svg\"><path d=\"M416 208H32c-17.67 0-32 14.33-32 32v32c0 17.67 14.33 32 32 32h384c17.67 0 32-14.33 32-32v-32c0-17.67-14.33-32-32-32z\"><\/path><\/svg><\/span>\n\t\t\t<span class='e-closed'><svg aria-hidden=\"true\" class=\"e-font-icon-svg e-fas-plus\" viewBox=\"0 0 448 512\" xmlns=\"http:\/\/www.w3.org\/2000\/svg\"><path d=\"M416 208H272V64c0-17.67-14.33-32-32-32h-32c-17.67 0-32 14.33-32 32v144H32c-17.67 0-32 14.33-32 32v32c0 17.67 14.33 32 32 32h144v144c0 17.67 14.33 32 32 32h32c17.67 0 32-14.33 32-32V304h144c17.67 0 32-14.33 32-32v-32c0-17.67-14.33-32-32-32z\"><\/path><\/svg><\/span>\n\t\t<\/span>\n\n\t\t\t\t\t\t<\/summary>\n\t\t\t\t<div role=\"region\" aria-labelledby=\"e-n-accordion-item-5954\" class=\"elementor-element elementor-element-f1c2228 e-con-full e-flex e-con e-child\" data-id=\"f1c2228\" data-element_type=\"container\">\n\t\t\t\t<div class=\"elementor-element elementor-element-77eefd6 elementor-widget elementor-widget-text-editor\" data-id=\"77eefd6\" data-element_type=\"widget\" data-widget_type=\"text-editor.default\">\n\t\t\t\t<div class=\"elementor-widget-container\">\n\t\t\t\t\t\t\t\t\t<p>Nuestro objetivo es la total satisfacci\u00f3n del Cliente.<\/p>\n<p>Para proceder a la devoluci\u00f3n de productos de un pedido, deber\u00e1 solicitar la devoluci\u00f3n por mail, en un plazo no superior a 15 d\u00edas h\u00e1biles siguientes a la fecha de recepci\u00f3n del producto, haci\u00e9ndonos saber el motivo de la devoluci\u00f3n e incluyendo la relaci\u00f3n de prendas que la componen.<\/p>\n<p>Todas las devoluciones tendr\u00e1n que ser previamente autorizadas por la parte vendedora e inexcusablemente devueltas por el medio de transporte que la misma indique.<\/p>\n<p>El derecho de cancelaci\u00f3n ser\u00e1 aplicable siempre y cuando los art\u00edculos de JUSTWEIRDO se devuelvan en las mismas condiciones en las que el Cliente los recibi\u00f3, junto con su embalaje original completo, etiquetas y cualquier otro accesorio relacionado con los mismos. Se deber\u00e1 adjuntar la factura o una copia de la misma en caso de devolver parte del pedido.<\/p>\n<p>Tras la recepci\u00f3n en el almac\u00e9n de JUSTWEIRDO del pedido cancelado del Cliente, determinaremos si los art\u00edculos que hemos recibido se encuentran en las mismas condiciones en las que le fueron enviados. Los art\u00edculos que hayan sido devueltos da\u00f1ados, incompletos, deteriorados, usados o sucios no ser\u00e1n reembolsados y ser\u00e1 puestos a disposici\u00f3n del Cliente remitente y reenviados a portes debidos.<\/p>\n<p>Si se cumplen las condiciones anteriormente previstas respecto a plazos, comunicaciones y, en su caso estado de los art\u00edculos, se reintegrar\u00e1 el importe del pedido al cliente en un plazo no superior a 30 d\u00edas.<\/p>\n<p>Los productos de JUSTWEIRDO se embalan respetando las normas de transporte en vigor y con el fin de asegurar una protecci\u00f3n \u00f3ptima de los Productos durante su env\u00edo. Se solicita al Cliente que respete estas mismas normas cuando efect\u00fae devoluciones de productos, ya sea en el contexto de un servicio postventa o de una devoluci\u00f3n por conveniencia. JUSTWEIRDO se reserva el derecho de reclamar un reembolso parcial del producto en el caso de que su reventa resulte imposible en su estado o en caso de agravamiento del problema t\u00e9cnico indicado.<\/p>\t\t\t\t\t\t\t\t<\/div>\n\t\t\t\t<\/div>\n\t\t\t\t<\/div>\n\t\t\t\t\t<\/details>\n\t\t\t\t\t\t<details id=\"e-n-accordion-item-5955\" class=\"e-n-accordion-item\" >\n\t\t\t\t<summary class=\"e-n-accordion-item-title\" data-accordion-index=\"6\" tabindex=\"-1\" aria-expanded=\"false\" aria-controls=\"e-n-accordion-item-5955\" >\n\t\t\t\t\t<span class='e-n-accordion-item-title-header'><div class=\"e-n-accordion-item-title-text\"> Caracter\u00edsticas de los productos <\/div><\/span>\n\t\t\t\t\t\t\t<span class='e-n-accordion-item-title-icon'>\n\t\t\t<span class='e-opened' ><svg aria-hidden=\"true\" class=\"e-font-icon-svg e-fas-minus\" viewBox=\"0 0 448 512\" xmlns=\"http:\/\/www.w3.org\/2000\/svg\"><path d=\"M416 208H32c-17.67 0-32 14.33-32 32v32c0 17.67 14.33 32 32 32h384c17.67 0 32-14.33 32-32v-32c0-17.67-14.33-32-32-32z\"><\/path><\/svg><\/span>\n\t\t\t<span class='e-closed'><svg aria-hidden=\"true\" class=\"e-font-icon-svg e-fas-plus\" viewBox=\"0 0 448 512\" xmlns=\"http:\/\/www.w3.org\/2000\/svg\"><path d=\"M416 208H272V64c0-17.67-14.33-32-32-32h-32c-17.67 0-32 14.33-32 32v144H32c-17.67 0-32 14.33-32 32v32c0 17.67 14.33 32 32 32h144v144c0 17.67 14.33 32 32 32h32c17.67 0 32-14.33 32-32V304h144c17.67 0 32-14.33 32-32v-32c0-17.67-14.33-32-32-32z\"><\/path><\/svg><\/span>\n\t\t<\/span>\n\n\t\t\t\t\t\t<\/summary>\n\t\t\t\t<div role=\"region\" aria-labelledby=\"e-n-accordion-item-5955\" class=\"elementor-element elementor-element-0a69096 e-con-full e-flex e-con e-child\" data-id=\"0a69096\" data-element_type=\"container\">\n\t\t\t\t<div class=\"elementor-element elementor-element-187e8bd elementor-widget elementor-widget-text-editor\" data-id=\"187e8bd\" data-element_type=\"widget\" data-widget_type=\"text-editor.default\">\n\t\t\t\t<div class=\"elementor-widget-container\">\n\t\t\t\t\t\t\t\t\t<p>Justweirdo.com har\u00e1 todo lo posible para que las im\u00e1genes fotogr\u00e1ficas de sus productos representen fielmente los productos ofertados.<br \/>Asimismo, cada producto va acompa\u00f1ado de una descripci\u00f3n exacta de sus caracter\u00edsticas principales.<\/p>\n<p>El Cliente acepta que los art\u00edculos de Justweirdo.com que se ofrecen en la p\u00e1gina web est\u00e1n sujetos a l\u00edmites de existencias por causas de fuerza mayor. Si alg\u00fan art\u00edculo de Justweirdo.com no estuviese disponible una vez realizado el pedido, se informar\u00e1 de esto con la mayor brevedad posible al Cliente. En ese momento el Cliente podr\u00e1 modificar el pedido o cancelarlo.<\/p>\n<p>Justweirdo.com se reserva el derecho de modificar la gama de Productos disponibles en funci\u00f3n, entre otros factores, de posibles irregularidades en el aprovisionamiento de materia prima textil.<\/p>\n<p>Asimismo, si el art\u00edculo recibido presentara alg\u00fan tipo de defecto o inadecuaci\u00f3n al producto adquirido, Justweirdo.com se compromete, seg\u00fan proceda, al arreglo, sustituci\u00f3n, rebaja del precio o resoluci\u00f3n del contrato, gestiones que ser\u00e1n gratuitas para el Cliente.<\/p>\t\t\t\t\t\t\t\t<\/div>\n\t\t\t\t<\/div>\n\t\t\t\t<\/div>\n\t\t\t\t\t<\/details>\n\t\t\t\t\t\t<details id=\"e-n-accordion-item-5956\" class=\"e-n-accordion-item\" >\n\t\t\t\t<summary class=\"e-n-accordion-item-title\" data-accordion-index=\"7\" tabindex=\"-1\" aria-expanded=\"false\" aria-controls=\"e-n-accordion-item-5956\" >\n\t\t\t\t\t<span class='e-n-accordion-item-title-header'><div class=\"e-n-accordion-item-title-text\"> Garant\u00eda <\/div><\/span>\n\t\t\t\t\t\t\t<span class='e-n-accordion-item-title-icon'>\n\t\t\t<span class='e-opened' ><svg aria-hidden=\"true\" class=\"e-font-icon-svg e-fas-minus\" viewBox=\"0 0 448 512\" xmlns=\"http:\/\/www.w3.org\/2000\/svg\"><path d=\"M416 208H32c-17.67 0-32 14.33-32 32v32c0 17.67 14.33 32 32 32h384c17.67 0 32-14.33 32-32v-32c0-17.67-14.33-32-32-32z\"><\/path><\/svg><\/span>\n\t\t\t<span class='e-closed'><svg aria-hidden=\"true\" class=\"e-font-icon-svg e-fas-plus\" viewBox=\"0 0 448 512\" xmlns=\"http:\/\/www.w3.org\/2000\/svg\"><path d=\"M416 208H272V64c0-17.67-14.33-32-32-32h-32c-17.67 0-32 14.33-32 32v144H32c-17.67 0-32 14.33-32 32v32c0 17.67 14.33 32 32 32h144v144c0 17.67 14.33 32 32 32h32c17.67 0 32-14.33 32-32V304h144c17.67 0 32-14.33 32-32v-32c0-17.67-14.33-32-32-32z\"><\/path><\/svg><\/span>\n\t\t<\/span>\n\n\t\t\t\t\t\t<\/summary>\n\t\t\t\t<div role=\"region\" aria-labelledby=\"e-n-accordion-item-5956\" class=\"elementor-element elementor-element-c2c71f5 e-con-full e-flex e-con e-child\" data-id=\"c2c71f5\" data-element_type=\"container\">\n\t\t\t\t<div class=\"elementor-element elementor-element-fe3d10a elementor-widget elementor-widget-text-editor\" data-id=\"fe3d10a\" data-element_type=\"widget\" data-widget_type=\"text-editor.default\">\n\t\t\t\t<div class=\"elementor-widget-container\">\n\t\t\t\t\t\t\t\t\t<p>Nuestros productos tienes una garant\u00eda de 2 meses desde la compra, cubriendo desperfectos tales como taras, roturas o decoloraciones, siempre y cuando se hayan seguido las instrucciones de cuidado y lavado especificadas y conservando el ticket de compra.<\/p>\n<p>Los defectos o desperfectos debidos a una incorrecta utilizaci\u00f3n o manipulaci\u00f3n de los art\u00edculos o los desgastes producidos por un uso normal de los mismos no se incluyen en esta garant\u00eda, as\u00ed como tampoco, los desperfectos, o por el incorrecto uso de las instrucciones de lavado, que vienen en cada prenda.<\/p>\t\t\t\t\t\t\t\t<\/div>\n\t\t\t\t<\/div>\n\t\t\t\t<\/div>\n\t\t\t\t\t<\/details>\n\t\t\t\t\t<\/div>\n\t\t\t\t\t\t<\/div>\n\t\t\t\t<\/div>\n\t\t\t\t\t<\/div>\n\t\t\t\t<\/div>\n\t\t<div class=\"elementor-element elementor-element-125d42c e-flex e-con-boxed e-con e-parent\" data-id=\"125d42c\" data-element_type=\"container\">\n\t\t\t\t\t<div class=\"e-con-inner\">\n\t\t\t\t\t<\/div>\n\t\t\t\t<\/div>\n\t\t\t\t<\/div>\n\t\t","protected":false},"excerpt":{"rendered":"<p>Condiciones generales de compra y aviso legal Aviso legal Antes de utilizar este sitio web de JUSTWEIRDO.COM te pedimos que leas detenidamente las siguientes condiciones que rigen el uso y acceso al mismo. S\u00f3lo podr\u00e1s utilizar el sitio web si te comprometes a aceptar estas condiciones de uso y no deber\u00e1s utilizarlo ni acceder al [&hellip;]<\/p>\n","protected":false},"author":1,"featured_media":0,"parent":0,"menu_order":0,"comment_status":"closed","ping_status":"closed","template":"","meta":{"_acf_changed":false,"_joinchat":[],"footnotes":""},"class_list":["post-14","page","type-page","status-publish","hentry"],"acf":[],"_links":{"self":[{"href":"https:\/\/justweirdo.com\/index.php?rest_route=\/wp\/v2\/pages\/14","targetHints":{"allow":["GET"]}}],"collection":[{"href":"https:\/\/justweirdo.com\/index.php?rest_route=\/wp\/v2\/pages"}],"about":[{"href":"https:\/\/justweirdo.com\/index.php?rest_route=\/wp\/v2\/types\/page"}],"author":[{"embeddable":true,"href":"https:\/\/justweirdo.com\/index.php?rest_route=\/wp\/v2\/users\/1"}],"replies":[{"embeddable":true,"href":"https:\/\/justweirdo.com\/index.php?rest_route=%2Fwp%2Fv2%2Fcomments&post=14"}],"version-history":[{"count":10,"href":"https:\/\/justweirdo.com\/index.php?rest_route=\/wp\/v2\/pages\/14\/revisions"}],"predecessor-version":[{"id":3090,"href":"https:\/\/justweirdo.com\/index.php?rest_route=\/wp\/v2\/pages\/14\/revisions\/3090"}],"wp:attachment":[{"href":"https:\/\/justweirdo.com\/index.php?rest_route=%2Fwp%2Fv2%2Fmedia&parent=14"}],"curies":[{"name":"wp","href":"https:\/\/api.w.org\/{rel}","templated":true}]}}