{"id":13,"date":"2024-07-10T17:21:29","date_gmt":"2024-07-10T15:21:29","guid":{"rendered":"https:\/\/dev.justweirdo.com\/mi-cuenta\/"},"modified":"2024-08-08T12:33:20","modified_gmt":"2024-08-08T10:33:20","slug":"mi-cuenta","status":"publish","type":"page","link":"https:\/\/justweirdo.com\/?page_id=13","title":{"rendered":"Mi cuenta"},"content":{"rendered":"\t\t<div data-elementor-type=\"wp-page\" data-elementor-id=\"13\" class=\"elementor elementor-13\" data-elementor-post-type=\"page\">\n\t\t\t\t<div class=\"elementor-element elementor-element-d96dfe9 e-flex e-con-boxed e-con e-parent\" data-id=\"d96dfe9\" data-element_type=\"container\">\n\t\t\t\t\t<div class=\"e-con-inner\">\n\t\t\t\t<div class=\"elementor-element elementor-element-83d6131 e-my-account-tabs-horizontal elementor-widget elementor-widget-woocommerce-my-account\" data-id=\"83d6131\" data-element_type=\"widget\" data-settings=\"{&quot;customize_dashboard_check&quot;:&quot;yes&quot;}\" data-widget_type=\"woocommerce-my-account.default\">\n\t\t\t\t<div class=\"elementor-widget-container\">\n\t\t\t\t\t<div class=\"e-my-account-tab e-my-account-tab__ \">\t\t\t<div class=\"woocommerce\"><div class=\"woocommerce-notices-wrapper\"><\/div>\n\n<div class=\"login-register-container\">\n\t<div class=\"image-container\"><\/div>\n\t<div class=\"form-container\">\n\t\n\t\t<div class=\"tabs-container\">\n\t\t\t<div class=\"logo-weirdo\">\n\t\t<img decoding=\"async\" src=\"https:\/\/justweirdo.com\/wp-content\/uploads\/2024\/08\/logo-weirdo.png\" alt=\"logo weirdo\" width=\"187\" height=\"124\">\n\t\t<\/div>\n\t\t\t<ul class=\"tabs\">\n\t\t\t\t<li class=\"tab-link current\" data-tab=\"tab-1\">Acceder<\/li>\n\t\t\t\t<li class=\"tab-link\" data-tab=\"tab-2\">Registrarse<\/li>\n\t\t\t<\/ul>\n\n\t\t\t<div id=\"tab-1\" class=\"tab-content current\">\n\t\t\t\t\n\t\t\t\t<h2>Acceder<\/h2>\n\n\t\t\t\t<form class=\"woocommerce-form woocommerce-form-login login\" method=\"post\">\n\n\t\t\t\t\t\n\t\t\t\t\t<p class=\"woocommerce-form-row woocommerce-form-row--wide form-row form-row-wide\">\n\t\t\t\t\t\t<label for=\"username\">Nombre de usuario o correo electr\u00f3nico&nbsp;<span class=\"required\">*<\/span><\/label>\n\t\t\t\t\t\t<input type=\"text\" class=\"woocommerce-Input woocommerce-Input--text input-text\" name=\"username\" id=\"username\" autocomplete=\"username\" value=\"\" \/>\t\t\t\t\t<\/p>\n\t\t\t\t\t<p class=\"woocommerce-form-row woocommerce-form-row--wide form-row form-row-wide\">\n\t\t\t\t\t\t<label for=\"password\">Contrase\u00f1a&nbsp;<span class=\"required\">*<\/span><\/label>\n\t\t\t\t\t\t<input class=\"woocommerce-Input woocommerce-Input--text input-text\" type=\"password\" name=\"password\" id=\"password\" autocomplete=\"current-password\" \/>\n\t\t\t\t\t<\/p>\n\n\t\t\t\t\t\n\t\t\t\t\t<p class=\"form-row\">\n\t\t\t\t\t\t<label class=\"woocommerce-form__label woocommerce-form__label-for-checkbox woocommerce-form-login__rememberme\">\n\t\t\t\t\t\t\t<input class=\"woocommerce-form__input woocommerce-form__input-checkbox\" name=\"rememberme\" type=\"checkbox\" id=\"rememberme\" value=\"forever\" \/> <span>Recu\u00e9rdame<\/span>\n\t\t\t\t\t\t<\/label>\n\t\t\t\t\t\t<input type=\"hidden\" id=\"woocommerce-login-nonce\" name=\"woocommerce-login-nonce\" value=\"17280c3b57\" \/><input type=\"hidden\" name=\"_wp_http_referer\" value=\"\/index.php?rest_route=%2Fwp%2Fv2%2Fpages%2F13\" \/>\t\t\t\t\t\t<button type=\"submit\" class=\"woocommerce-button button woocommerce-form-login__submit\" name=\"login\" value=\"Acceso\">Acceso<\/button>\n\t\t\t\t\t<\/p>\n\t\t\t\t\t<p class=\"woocommerce-LostPassword lost_password\">\n\t\t\t\t\t\t<a href=\"https:\/\/justweirdo.com\/?page_id=13&#038;recuperar-contrasena\">\u00bfOlvidaste la contrase\u00f1a?<\/a>\n\t\t\t\t\t<\/p>\n\n\t\t\t\t\t\n\t\t\t\t<\/form>\n\n\t\t\t<\/div>\n\n\t\t\t<div id=\"tab-2\" class=\"tab-content\">\n\n\t\t\t\t<h2>Registrarse<\/h2>\n\n\t\t\t\t<form method=\"post\" class=\"woocommerce-form woocommerce-form-register register\"  >\n\n\t\t\t\t\t\n\t\t\t\t\t\n\t\t\t\t\t<p class=\"woocommerce-form-row woocommerce-form-row--wide form-row form-row-wide\">\n\t\t\t\t\t\t<label for=\"reg_email\">Direcci\u00f3n de correo electr\u00f3nico&nbsp;<span class=\"required\">*<\/span><\/label>\n\t\t\t\t\t\t<input type=\"email\" class=\"woocommerce-Input woocommerce-Input--text input-text\" name=\"email\" id=\"reg_email\" autocomplete=\"email\" value=\"\" \/>\t\t\t\t\t<\/p>\n\n\t\t\t\t\t\n\t\t\t\t\t\t<p class=\"woocommerce-form-row woocommerce-form-row--wide form-row form-row-wide\">\n\t\t\t\t\t\t\t<label for=\"reg_password\">Contrase\u00f1a&nbsp;<span class=\"required\">*<\/span><\/label>\n\t\t\t\t\t\t\t<input type=\"password\" class=\"woocommerce-Input woocommerce-Input--text input-text\" name=\"password\" id=\"reg_password\" autocomplete=\"new-password\" \/>\n\t\t\t\t\t\t<\/p>\n\n\t\t\t\t\t\n\t\t\t\t\t<wc-order-attribution-inputs><\/wc-order-attribution-inputs><div class=\"woocommerce-privacy-policy-text\"><p>Tus datos personales se utilizar\u00e1n para procesar tu pedido, mejorar tu experiencia en esta web, gestionar el acceso a tu cuenta y otros prop\u00f3sitos descritos en nuestra <a href=\"https:\/\/justweirdo.com\/?page_id=3\" class=\"woocommerce-privacy-policy-link\" target=\"_blank\">pol\u00edtica de privacidad<\/a>.<\/p>\n<\/div>\n\t\t\t\t\t<p class=\"woocommerce-form-row form-row\">\n\t\t\t\t\t\t<input type=\"hidden\" id=\"woocommerce-register-nonce\" name=\"woocommerce-register-nonce\" value=\"eae384409b\" \/><input type=\"hidden\" name=\"_wp_http_referer\" value=\"\/index.php?rest_route=%2Fwp%2Fv2%2Fpages%2F13\" \/>\t\t\t\t\t\t<button type=\"submit\" class=\"woocommerce-Button woocommerce-button button woocommerce-form-register__submit\" name=\"register\" value=\"Registrarse\">Registrarse<\/button>\n\t\t\t\t\t<\/p>\n\n\t\t\t\t\t\n\t\t\t\t<\/form>\n\n\t\t\t<\/div>\n\t\t<\/div>\n\t<\/div>\n<\/div>\n<style>\n\t.elementor-element-83d6131 {\n\t\twidth: 1440px;\n\t}\n\t.elementor-element-d96dfe9, .elementor-element-d96dfe9 .e-con-inner {\n\t\tmargin-bottom: 0px;\n\t\tpadding-bottom: 0px;\n\t}\n\t.login-register-container {\n\t\tdisplay: flex;\n\t\theight: 800px;\n\t\tmargin-top: -115px;\n\t}\n\t.image-container, .form-container {\n\t\tflex: 1;\n\t\tbox-sizing: border-box;\n\t\twidth: 50%!important;\n\t}\n\t.image-container {\n\t\tbackground: url(https:\/\/justweirdo.com\/wp-content\/uploads\/2024\/08\/cabecera_desktop-1.png) no-repeat center center;\n\t\tbackground-size: cover;\n\t}\n\t.form-container {\n\t\tdisplay: flex;\n\t\tflex-direction: column;\n\t\tjustify-content: center;\n\t\talign-items: center;\n\t}\n\t.tabs-container {\n\t\twidth: 100%;\n\t\tpadding: 100px; \n\t}\n\t.tabs {\n\t\tlist-style: none;\n\t\tpadding: 0;\n\t\tdisplay: flex;\n\t\tjustify-content: space-around;\n\t\tmargin-bottom: 20px;\n\t\twidth: 100%;\n\t}\n\t.tab-link {\n\t\tpadding: 10px 20px;\n\t\tcursor: pointer;\n\t\tborder: 1px solid #ccc;\n\t\tbackground: #f1f1f1;\n\t\twidth: 100%;\n\t\ttext-align: center;\n\t\tfont-family:Blauer Nue;\n\t\tfont-weight:400;\n\t}\n\t.tab-link.current {\n\t\tbackground: #fff;\n\t\tborder-bottom: 1px solid #fff;\n\t}\n\t.tab-content {\n\t\tdisplay: none;\n\t\twidth: 100%;\n\t}\n\t.tab-content.current {\n\t\tdisplay: block;\n\t\twidth: 100%;\n\t}\n\t.woocommerce-form-login__submit {\n\t\twidth: 100%;\n\t}\n\t.woocommerce-LostPassword {\n\t\tmargin-top: 10px;\n\t\ttext-align: center;\n\t}\n\n\t\/* Media Queries for Responsiveness *\/\n\t@media (max-width: 1366px) {\n\t\t\t.elementor-element-83d6131 {\n\t\twidth: 1000px;\n\t}\n\t\t.tabs-container {\n\t\t\tpadding: 100px;\n\t\t}\n\t}\n\n\t@media (max-width: 1024px) {\n\t\t\t.elementor-element-83d6131 {\n\t\twidth: 950px;\n\t}\n\t\t.tabs-container {\n\t\t\tpadding: 75px;\n\t\t}\n\t}\n\n\t@media (max-width: 767px) {\n\t\n\t.elementor-element-d96dfe9, .elementor-element-d96dfe9 .e-con-inner {\n\t\tmargin: 0px;\n\t\tpadding: 0px;\n\t}\n\t\t.login-register-container {\n\t\t\tdisplay: flex;\n\t\t\theight: 800px;\n\t\t\tmargin-top: 0px;\n\t}\n\t\t.login-register-container {\n\t\t\tflex-direction: column;\n\t\t\theight: auto;\n\t\t}\n\t\t.image-container, .form-container {\n\t\t\twidth: 100%!important;\n\t\t\theight: auto;\n\t\t}\n\t\t.image-container {\n\t\t\tbackground: url(https:\/\/justweirdo.com\/wp-content\/uploads\/2024\/08\/cabecera_mobile-1.png) no-repeat center center;\n\t\t\tbackground-size: cover;\n\t\t\tmin-height:400px!important;\n\t\t\tpadding:0px;\n\t\t\tmargin:0px;\n\t\t\torder: 2;\n\t}\n\t\t.form-container{\n\t\t\tmargin-top:100px;\n\t\t\torder: 1;\n\t\t}\n\t\t.tabs-container {\n\t\t\tpadding: 10px;\n\t\t}\n\t}\n<\/style>\n\n\n\n\n<script>\n\tdocument.addEventListener('DOMContentLoaded', function() {\n\t\tconst tabLinks = document.querySelectorAll('.tab-link');\n\t\tconst tabContents = document.querySelectorAll('.tab-content');\n\n\t\ttabLinks.forEach(function(link) {\n\t\t\tlink.addEventListener('click', function() {\n\t\t\t\tconst tabId = this.getAttribute('data-tab');\n\n\t\t\t\ttabLinks.forEach(function(link) {\n\t\t\t\t\tlink.classList.remove('current');\n\t\t\t\t});\n\n\t\t\t\ttabContents.forEach(function(content) {\n\t\t\t\t\tcontent.classList.remove('current');\n\t\t\t\t});\n\n\t\t\t\tthis.classList.add('current');\n\t\t\t\tdocument.getElementById(tabId).classList.add('current');\n\t\t\t});\n\t\t});\n\t});\n<\/script>\n\n<\/div>\t\t<\/div>\n\t\t\t\t\t\t<\/div>\n\t\t\t\t<\/div>\n\t\t\t\t\t<\/div>\n\t\t\t\t<\/div>\n\t\t\t\t<\/div>\n\t\t","protected":false},"excerpt":{"rendered":"<p>Escritorio Pedidos M\u00e9todos de pago Direcciones Salir Escritorio Pedidos M\u00e9todos de pago Direcciones Salir Hola Jos\u00e9 Manuel (\u00bfno eres Jos\u00e9 Manuel? Cerrar sesi\u00f3n) Desde el escritorio de tu cuenta puedes ver tus pedidos recientes, gestionar tus direcciones de env\u00edo y facturaci\u00f3n y editar tu contrase\u00f1a y los detalles de tu cuenta.<\/p>\n","protected":false},"author":1,"featured_media":0,"parent":0,"menu_order":0,"comment_status":"closed","ping_status":"closed","template":"","meta":{"_acf_changed":false,"_joinchat":[],"footnotes":""},"class_list":["post-13","page","type-page","status-publish","hentry"],"acf":[],"_links":{"self":[{"href":"https:\/\/justweirdo.com\/index.php?rest_route=\/wp\/v2\/pages\/13","targetHints":{"allow":["GET"]}}],"collection":[{"href":"https:\/\/justweirdo.com\/index.php?rest_route=\/wp\/v2\/pages"}],"about":[{"href":"https:\/\/justweirdo.com\/index.php?rest_route=\/wp\/v2\/types\/page"}],"author":[{"embeddable":true,"href":"https:\/\/justweirdo.com\/index.php?rest_route=\/wp\/v2\/users\/1"}],"replies":[{"embeddable":true,"href":"https:\/\/justweirdo.com\/index.php?rest_route=%2Fwp%2Fv2%2Fcomments&post=13"}],"version-history":[{"count":99,"href":"https:\/\/justweirdo.com\/index.php?rest_route=\/wp\/v2\/pages\/13\/revisions"}],"predecessor-version":[{"id":2147,"href":"https:\/\/justweirdo.com\/index.php?rest_route=\/wp\/v2\/pages\/13\/revisions\/2147"}],"wp:attachment":[{"href":"https:\/\/justweirdo.com\/index.php?rest_route=%2Fwp%2Fv2%2Fmedia&parent=13"}],"curies":[{"name":"wp","href":"https:\/\/api.w.org\/{rel}","templated":true}]}}